{"id":14773,"date":"2025-10-17T14:34:59","date_gmt":"2025-10-17T12:34:59","guid":{"rendered":"https:\/\/www.seiris-sa.com\/?page_id=14773"},"modified":"2025-10-21T11:00:53","modified_gmt":"2025-10-21T09:00:53","slug":"hse","status":"publish","type":"page","link":"https:\/\/www.seiris-sa.com\/es\/hse\/","title":{"rendered":"HSE"},"content":{"rendered":"\t\t<div data-elementor-type=\"wp-page\" data-elementor-id=\"14773\" class=\"elementor elementor-14773\">\n\t\t\t\t        <section class=\"elementor-section elementor-top-section elementor-element elementor-element-197b865 elementor-section-full_width elementor-section-stretched pxl-full-content-with-space-start elementor-section-height-default elementor-section-height-default pxl-row-scroll-none pxl-zoom-point-false pxl-section-overflow-visible pxl-section-fix-none pxl-bg-color-none pxl-section-overlay-none\" data-id=\"197b865\" data-element_type=\"section\" data-e-type=\"section\" data-settings=\"{&quot;stretch_section&quot;:&quot;section-stretched&quot;,&quot;background_background&quot;:&quot;gradient&quot;}\" style=\"padding-left: calc( (100% - 1550px)\/2);\">\n\n                            <div class=\"elementor-background-overlay\"><\/div>\n            \n                <div class=\"elementor-container elementor-column-gap-extended \">\n                <div class=\"elementor-column elementor-col-50 elementor-top-column elementor-element elementor-element-0675b65 pxl-column-none pxl-column-overflow-hidden-no\" data-id=\"0675b65\" data-element_type=\"column\" data-e-type=\"column\" data-settings=\"{&quot;background_background&quot;:&quot;classic&quot;}\">\r\n        <div class=\"elementor-widget-wrap elementor-element-populated\">\r\n                     \r\n        \t\t<div class=\"elementor-element elementor-element-b01f4b5 elementor-widget elementor-widget-pxl_heading\" data-id=\"b01f4b5\" data-element_type=\"widget\" data-e-type=\"widget\" data-widget_type=\"pxl_heading.default\">\n\t\t\t\t<div class=\"elementor-widget-container\">\n\t\t\t\t\t\n<div id=\"pxl-pxl_heading-b01f4b5-4305\" class=\"pxl-heading px-sub-title-default-style \">\n\t<div class=\"pxl-heading--inner\">\n\t\t\n\t\t<h1 class=\"pxl-item--title style-default highlight-default \" data-wow-delay=\"ms\">\n\t\t\t\t\t\t\tHSE\t\n\t\t\t\t\n\t\t<\/h1>\n\t\t\n\t<\/div>\n<\/div>\t\t\t\t<\/div>\n\t\t\t\t<\/div>\n\t\t\t\t<div class=\"elementor-element elementor-element-78b50ed elementor-widget__width-initial elementor-widget elementor-widget-pxl_breadcrumb\" data-id=\"78b50ed\" data-element_type=\"widget\" data-e-type=\"widget\" data-widget_type=\"pxl_breadcrumb.default\">\n\t\t\t\t<div class=\"elementor-widget-container\">\n\t\t\t\t\t<div class=\"pxl-breadcrumb-wrap\">\n\t<ul class=\"pxl-breadcrumb\"><li><span class=\"breadcrumb-entry\">Inicio<\/span><\/li><\/ul><\/div>\t\t\t\t<\/div>\n\t\t\t\t<\/div>\n\t\t            <\/div>\r\n        <\/div>\r\n                <div class=\"elementor-column elementor-col-50 elementor-top-column elementor-element elementor-element-e22c5a8 pxl-column-none pxl-column-overflow-hidden-no\" data-id=\"e22c5a8\" data-element_type=\"column\" data-e-type=\"column\" data-settings=\"{&quot;background_background&quot;:&quot;classic&quot;}\">\r\n        <div class=\"elementor-widget-wrap\">\r\n                     \r\n                    <\/div>\r\n        <\/div>\r\n        \t\t\t<\/div>\n\t\t<\/section>\n\t\t        <section class=\"elementor-section elementor-top-section elementor-element elementor-element-09e603e elementor-section-stretched elementor-section-boxed elementor-section-height-default elementor-section-height-default pxl-row-scroll-none pxl-zoom-point-false pxl-section-overflow-visible pxl-section-fix-none pxl-bg-color-none pxl-section-overlay-none\" data-id=\"09e603e\" data-element_type=\"section\" data-e-type=\"section\" data-settings=\"{&quot;stretch_section&quot;:&quot;section-stretched&quot;}\">\n\n                \n                <div class=\"elementor-container elementor-column-gap-extended \">\n                <div class=\"elementor-column elementor-col-100 elementor-top-column elementor-element elementor-element-8302235 pxl-column-none pxl-column-overflow-hidden-no\" data-id=\"8302235\" data-element_type=\"column\" data-e-type=\"column\">\r\n        <div class=\"elementor-widget-wrap elementor-element-populated\">\r\n                     \r\n                <section class=\"elementor-section elementor-inner-section elementor-element elementor-element-8d89453 elementor-section-full_width pxl-section-overflow-hidden elementor-section-height-default elementor-section-height-default pxl-row-scroll-none pxl-zoom-point-false pxl-section-fix-none pxl-full-content-with-space-none pxl-bg-color-none pxl-section-overlay-none\" data-id=\"8d89453\" data-element_type=\"section\" data-e-type=\"section\" data-settings=\"{&quot;background_background&quot;:&quot;classic&quot;}\">\n\n                \n                <div class=\"elementor-container elementor-column-gap-extended \">\n                <div class=\"elementor-column elementor-col-50 elementor-inner-column elementor-element elementor-element-535842a pxl-column-none pxl-column-overflow-hidden-no\" data-id=\"535842a\" data-element_type=\"column\" data-e-type=\"column\">\r\n        <div class=\"elementor-widget-wrap elementor-element-populated\">\r\n                     \r\n        \t\t<div class=\"elementor-element elementor-element-d1506eb elementor-widget elementor-widget-pxl_heading\" data-id=\"d1506eb\" data-element_type=\"widget\" data-e-type=\"widget\" data-widget_type=\"pxl_heading.default\">\n\t\t\t\t<div class=\"elementor-widget-container\">\n\t\t\t\t\t\n<div id=\"pxl-pxl_heading-d1506eb-7273\" class=\"pxl-heading px-sub-title-default-style \">\n\t<div class=\"pxl-heading--inner\">\n\t\t\n\t\t<h3 class=\"pxl-item--title style-default highlight-default \" data-wow-delay=\"ms\">\n\t\t\t\t\t\t\tSalud, seguridad y medio ambiente\t\n\t\t\t\t\n\t\t<\/h3>\n\t\t\n\t<\/div>\n<\/div>\t\t\t\t<\/div>\n\t\t\t\t<\/div>\n\t\t\t\t<div class=\"elementor-element elementor-element-b18ebc3 elementor-widget elementor-widget-pxl_text_editor\" data-id=\"b18ebc3\" data-element_type=\"widget\" data-e-type=\"widget\" data-widget_type=\"pxl_text_editor.default\">\n\t\t\t\t<div class=\"elementor-widget-container\">\n\t\t\t\t\t<div class=\"pxl-text-editor\">\n\t<div class=\"pxl-item--inner \" data-wow-delay=\"ms\">\n\t\t<p>En SEIRIS, la responsabilidad en materia de salud, seguridad y medio ambiente (HSE) es fundamental en nuestras actividades. Nos comprometemos a garantizar la seguridad y el bienestar de nuestros empleados, clientes y socios mediante el cumplimiento riguroso de las normas industriales, como ISO 9001 y MASE. Nuestros equipos est\u00e1n formados y certificados para intervenir en entornos industriales de alto riesgo. Llevamos a cabo auditor\u00edas de seguridad peri\u00f3dicas, evaluaciones de riesgos y protocolos de preparaci\u00f3n para situaciones de emergencia en todas nuestras instalaciones y proyectos. La seguridad no es solo un requisito, es un valor fundamental integrado en nuestra cultura y nuestras pr\u00e1cticas diarias.<\/p>\t\t\n\t<\/div>\n<\/div>\t\t\t\t<\/div>\n\t\t\t\t<\/div>\n\t\t            <\/div>\r\n        <\/div>\r\n                <div class=\"elementor-column elementor-col-50 elementor-inner-column elementor-element elementor-element-28a9ba3 pxl-column-none pxl-column-overflow-hidden-no\" data-id=\"28a9ba3\" data-element_type=\"column\" data-e-type=\"column\">\r\n        <div class=\"elementor-widget-wrap elementor-element-populated\">\r\n                     \r\n        \t\t<div class=\"elementor-element elementor-element-dac66fd elementor-widget elementor-widget-pxl_image\" data-id=\"dac66fd\" data-element_type=\"widget\" data-e-type=\"widget\" data-widget_type=\"pxl_image.default\">\n\t\t\t\t<div class=\"elementor-widget-container\">\n\t\t\t\t\t<div id=\"pxl_image-dac66fd-7731\" class=\"pxl-image-single pxl-disable-parallax-sm pxl-hide-sr-lg  \" data-wow-delay=\"ms\"  >\r\n    <div class=\"pxl-item--inner\" data-wow-delay=\"120ms\">\r\n        \r\n                                <div class=\"pxl-item--bg bg-image\" style=\"background-image: url(https:\/\/www.seiris-sa.com\/wp-content\/uploads\/2025\/07\/nature.jpg);\"><\/div>\r\n                            \r\n            <\/div>\r\n<\/div>\t\t\t\t<\/div>\n\t\t\t\t<\/div>\n\t\t            <\/div>\r\n        <\/div>\r\n        \t\t\t<\/div>\n\t\t<\/section>\n\t\t            <\/div>\r\n        <\/div>\r\n        \t\t\t<\/div>\n\t\t<\/section>\n\t\t        <section class=\"elementor-section elementor-top-section elementor-element elementor-element-66718e4 elementor-section-stretched elementor-section-boxed elementor-section-height-default elementor-section-height-default pxl-row-scroll-none pxl-zoom-point-false pxl-section-overflow-visible pxl-section-fix-none pxl-bg-color-none pxl-section-overlay-none\" data-id=\"66718e4\" data-element_type=\"section\" data-e-type=\"section\" data-settings=\"{&quot;stretch_section&quot;:&quot;section-stretched&quot;}\">\n\n                \n                <div class=\"elementor-container elementor-column-gap-extended \">\n                <div class=\"elementor-column elementor-col-100 elementor-top-column elementor-element elementor-element-04cad7e pxl-column-none pxl-column-overflow-hidden-no\" data-id=\"04cad7e\" data-element_type=\"column\" data-e-type=\"column\">\r\n        <div class=\"elementor-widget-wrap elementor-element-populated\">\r\n                     \r\n                <section class=\"elementor-section elementor-inner-section elementor-element elementor-element-41e196b elementor-section-full_width pxl-section-overflow-hidden elementor-section-height-default elementor-section-height-default pxl-row-scroll-none pxl-zoom-point-false pxl-section-fix-none pxl-full-content-with-space-none pxl-bg-color-none pxl-section-overlay-none\" data-id=\"41e196b\" data-element_type=\"section\" data-e-type=\"section\" data-settings=\"{&quot;background_background&quot;:&quot;classic&quot;}\">\n\n                \n                <div class=\"elementor-container elementor-column-gap-extended \">\n                <div class=\"elementor-column elementor-col-50 elementor-inner-column elementor-element elementor-element-4a00ab0 pxl-column-none pxl-column-overflow-hidden-no\" data-id=\"4a00ab0\" data-element_type=\"column\" data-e-type=\"column\">\r\n        <div class=\"elementor-widget-wrap elementor-element-populated\">\r\n                     \r\n        \t\t<div class=\"elementor-element elementor-element-89cc4bc elementor-widget elementor-widget-pxl_text_editor\" data-id=\"89cc4bc\" data-element_type=\"widget\" data-e-type=\"widget\" data-widget_type=\"pxl_text_editor.default\">\n\t\t\t\t<div class=\"elementor-widget-container\">\n\t\t\t\t\t<div class=\"pxl-text-editor\">\n\t<div class=\"pxl-item--inner \" data-wow-delay=\"ms\">\n\t\t<p>En el \u00e1mbito medioambiental, SEIRIS adopta un enfoque proactivo para reducir su huella ecol\u00f3gica. Utilizamos embalajes ecol\u00f3gicos para limitar los residuos, y toda nuestra flota de veh\u00edculos es totalmente h\u00edbrida, lo que favorece la reducci\u00f3n de emisiones y la movilidad sostenible. En todas nuestras instalaciones, damos prioridad a la eficiencia energ\u00e9tica, el reciclaje y el uso responsable de los materiales. Con estas acciones, combinamos nuestra exigencia de excelencia t\u00e9cnica con un profundo respeto por el medio ambiente y un firme compromiso con la sostenibilidad a largo plazo.<\/p>\t\t\n\t<\/div>\n<\/div>\t\t\t\t<\/div>\n\t\t\t\t<\/div>\n\t\t\t\t<div class=\"elementor-element elementor-element-0d451a8 elementor-widget elementor-widget-pxl_button\" data-id=\"0d451a8\" data-element_type=\"widget\" data-e-type=\"widget\" data-widget_type=\"pxl_button.default\">\n\t\t\t\t<div class=\"elementor-widget-container\">\n\t\t\t\t\t<div id=\"pxl-pxl_button-0d451a8-6026\" class=\"pxl-button pxl-atc-link \" data-wow-delay=\"ms\">\r\n    <a href=\"\/es\/contacto\/\" class=\"btn pxl-icon-active  btn-default  inline pxl-icon--right\" data-wow-delay=\"ms\" data-target=\".pxl-page-popup-template-0\">\r\n        <i aria-hidden=\"true\" class=\"far fa-arrow-right\"><\/i>        <span class=\"pxl--btn-text\" data-text=\"Contacto\">\r\n            Contacto        <\/span>\r\n            <\/a>\r\n<\/div>\t\t\t\t<\/div>\n\t\t\t\t<\/div>\n\t\t            <\/div>\r\n        <\/div>\r\n                <div class=\"elementor-column elementor-col-50 elementor-inner-column elementor-element elementor-element-52b64a3 pxl-column-none pxl-column-overflow-hidden-no\" data-id=\"52b64a3\" data-element_type=\"column\" data-e-type=\"column\" data-settings=\"{&quot;background_background&quot;:&quot;classic&quot;}\">\r\n        <div class=\"elementor-widget-wrap elementor-element-populated\">\r\n                     \r\n        \t\t<div class=\"elementor-element elementor-element-5c5b9ac elementor-widget elementor-widget-spacer\" data-id=\"5c5b9ac\" data-element_type=\"widget\" data-e-type=\"widget\" data-widget_type=\"spacer.default\">\n\t\t\t\t<div class=\"elementor-widget-container\">\n\t\t\t\t\t\t\t<div class=\"elementor-spacer\">\n\t\t\t<div class=\"elementor-spacer-inner\"><\/div>\n\t\t<\/div>\n\t\t\t\t\t\t<\/div>\n\t\t\t\t<\/div>\n\t\t            <\/div>\r\n        <\/div>\r\n        \t\t\t<\/div>\n\t\t<\/section>\n\t\t            <\/div>\r\n        <\/div>\r\n        \t\t\t<\/div>\n\t\t<\/section>\n\t\t\t\t<\/div>\n\t\t","protected":false},"excerpt":{"rendered":"<p>HSE Accueil Salud, seguridad y medio ambiente En SEIRIS, la responsabilidad en materia de salud, seguridad y medio ambiente (HSE) es fundamental en nuestras actividades. Nos comprometemos a garantizar la seguridad y el bienestar de nuestros empleados, clientes y socios mediante el cumplimiento riguroso de las normas industriales, como ISO 9001 y MASE. Nuestros equipos [&hellip;]<\/p>\n","protected":false},"author":1,"featured_media":7013,"parent":0,"menu_order":0,"comment_status":"closed","ping_status":"closed","template":"","meta":{"footnotes":""},"class_list":["post-14773","page","type-page","status-publish","has-post-thumbnail","hentry"],"yoast_head":"<!-- This site is optimized with the Yoast SEO plugin v27.4 - https:\/\/yoast.com\/product\/yoast-seo-wordpress\/ -->\n<title>HSE - SEIRIS<\/title>\n<meta name=\"robots\" content=\"index, follow, max-snippet:-1, max-image-preview:large, max-video-preview:-1\" \/>\n<link rel=\"canonical\" href=\"https:\/\/www.seiris-sa.com\/es\/hse\/\" \/>\n<meta property=\"og:locale\" content=\"es_ES\" \/>\n<meta property=\"og:type\" content=\"article\" \/>\n<meta property=\"og:title\" content=\"HSE - SEIRIS\" \/>\n<meta property=\"og:description\" content=\"HSE Accueil Salud, seguridad y medio ambiente En SEIRIS, la responsabilidad en materia de salud, seguridad y medio ambiente (HSE) es fundamental en nuestras actividades. Nos comprometemos a garantizar la seguridad y el bienestar de nuestros empleados, clientes y socios mediante el cumplimiento riguroso de las normas industriales, como ISO 9001 y MASE. Nuestros equipos [&hellip;]\" \/>\n<meta property=\"og:url\" content=\"https:\/\/www.seiris-sa.com\/es\/hse\/\" \/>\n<meta property=\"og:site_name\" content=\"SEIRIS\" \/>\n<meta property=\"article:modified_time\" content=\"2025-10-21T09:00:53+00:00\" \/>\n<meta name=\"twitter:card\" content=\"summary_large_image\" \/>\n<meta name=\"twitter:label1\" content=\"Tiempo de lectura\" \/>\n\t<meta name=\"twitter:data1\" content=\"1 minuto\" \/>\n<script type=\"application\/ld+json\" class=\"yoast-schema-graph\">{\"@context\":\"https:\\\/\\\/schema.org\",\"@graph\":[{\"@type\":\"WebPage\",\"@id\":\"https:\\\/\\\/www.seiris-sa.com\\\/es\\\/hse\\\/\",\"url\":\"https:\\\/\\\/www.seiris-sa.com\\\/es\\\/hse\\\/\",\"name\":\"HSE - SEIRIS\",\"isPartOf\":{\"@id\":\"https:\\\/\\\/www.seiris-sa.com\\\/es\\\/#website\"},\"primaryImageOfPage\":{\"@id\":\"https:\\\/\\\/www.seiris-sa.com\\\/es\\\/hse\\\/#primaryimage\"},\"image\":{\"@id\":\"https:\\\/\\\/www.seiris-sa.com\\\/es\\\/hse\\\/#primaryimage\"},\"thumbnailUrl\":\"\",\"datePublished\":\"2025-10-17T12:34:59+00:00\",\"dateModified\":\"2025-10-21T09:00:53+00:00\",\"breadcrumb\":{\"@id\":\"https:\\\/\\\/www.seiris-sa.com\\\/es\\\/hse\\\/#breadcrumb\"},\"inLanguage\":\"es\",\"potentialAction\":[{\"@type\":\"ReadAction\",\"target\":[\"https:\\\/\\\/www.seiris-sa.com\\\/es\\\/hse\\\/\"]}]},{\"@type\":\"ImageObject\",\"inLanguage\":\"es\",\"@id\":\"https:\\\/\\\/www.seiris-sa.com\\\/es\\\/hse\\\/#primaryimage\",\"url\":\"\",\"contentUrl\":\"\"},{\"@type\":\"BreadcrumbList\",\"@id\":\"https:\\\/\\\/www.seiris-sa.com\\\/es\\\/hse\\\/#breadcrumb\",\"itemListElement\":[{\"@type\":\"ListItem\",\"position\":1,\"name\":\"Portada\",\"item\":\"https:\\\/\\\/www.seiris-sa.com\\\/es\\\/\"},{\"@type\":\"ListItem\",\"position\":2,\"name\":\"HSE\"}]},{\"@type\":\"WebSite\",\"@id\":\"https:\\\/\\\/www.seiris-sa.com\\\/es\\\/#website\",\"url\":\"https:\\\/\\\/www.seiris-sa.com\\\/es\\\/\",\"name\":\"SEIRIS\",\"description\":\"\",\"potentialAction\":[{\"@type\":\"SearchAction\",\"target\":{\"@type\":\"EntryPoint\",\"urlTemplate\":\"https:\\\/\\\/www.seiris-sa.com\\\/es\\\/?s={search_term_string}\"},\"query-input\":{\"@type\":\"PropertyValueSpecification\",\"valueRequired\":true,\"valueName\":\"search_term_string\"}}],\"inLanguage\":\"es\"}]}<\/script>\n<!-- \/ Yoast SEO plugin. -->","yoast_head_json":{"title":"HSE - SEIRIS","robots":{"index":"index","follow":"follow","max-snippet":"max-snippet:-1","max-image-preview":"max-image-preview:large","max-video-preview":"max-video-preview:-1"},"canonical":"https:\/\/www.seiris-sa.com\/es\/hse\/","og_locale":"es_ES","og_type":"article","og_title":"HSE - SEIRIS","og_description":"HSE Accueil Salud, seguridad y medio ambiente En SEIRIS, la responsabilidad en materia de salud, seguridad y medio ambiente (HSE) es fundamental en nuestras actividades. Nos comprometemos a garantizar la seguridad y el bienestar de nuestros empleados, clientes y socios mediante el cumplimiento riguroso de las normas industriales, como ISO 9001 y MASE. Nuestros equipos [&hellip;]","og_url":"https:\/\/www.seiris-sa.com\/es\/hse\/","og_site_name":"SEIRIS","article_modified_time":"2025-10-21T09:00:53+00:00","twitter_card":"summary_large_image","twitter_misc":{"Tiempo de lectura":"1 minuto"},"schema":{"@context":"https:\/\/schema.org","@graph":[{"@type":"WebPage","@id":"https:\/\/www.seiris-sa.com\/es\/hse\/","url":"https:\/\/www.seiris-sa.com\/es\/hse\/","name":"HSE - SEIRIS","isPartOf":{"@id":"https:\/\/www.seiris-sa.com\/es\/#website"},"primaryImageOfPage":{"@id":"https:\/\/www.seiris-sa.com\/es\/hse\/#primaryimage"},"image":{"@id":"https:\/\/www.seiris-sa.com\/es\/hse\/#primaryimage"},"thumbnailUrl":"","datePublished":"2025-10-17T12:34:59+00:00","dateModified":"2025-10-21T09:00:53+00:00","breadcrumb":{"@id":"https:\/\/www.seiris-sa.com\/es\/hse\/#breadcrumb"},"inLanguage":"es","potentialAction":[{"@type":"ReadAction","target":["https:\/\/www.seiris-sa.com\/es\/hse\/"]}]},{"@type":"ImageObject","inLanguage":"es","@id":"https:\/\/www.seiris-sa.com\/es\/hse\/#primaryimage","url":"","contentUrl":""},{"@type":"BreadcrumbList","@id":"https:\/\/www.seiris-sa.com\/es\/hse\/#breadcrumb","itemListElement":[{"@type":"ListItem","position":1,"name":"Portada","item":"https:\/\/www.seiris-sa.com\/es\/"},{"@type":"ListItem","position":2,"name":"HSE"}]},{"@type":"WebSite","@id":"https:\/\/www.seiris-sa.com\/es\/#website","url":"https:\/\/www.seiris-sa.com\/es\/","name":"SEIRIS","description":"","potentialAction":[{"@type":"SearchAction","target":{"@type":"EntryPoint","urlTemplate":"https:\/\/www.seiris-sa.com\/es\/?s={search_term_string}"},"query-input":{"@type":"PropertyValueSpecification","valueRequired":true,"valueName":"search_term_string"}}],"inLanguage":"es"}]}},"_links":{"self":[{"href":"https:\/\/www.seiris-sa.com\/es\/wp-json\/wp\/v2\/pages\/14773","targetHints":{"allow":["GET"]}}],"collection":[{"href":"https:\/\/www.seiris-sa.com\/es\/wp-json\/wp\/v2\/pages"}],"about":[{"href":"https:\/\/www.seiris-sa.com\/es\/wp-json\/wp\/v2\/types\/page"}],"author":[{"embeddable":true,"href":"https:\/\/www.seiris-sa.com\/es\/wp-json\/wp\/v2\/users\/1"}],"replies":[{"embeddable":true,"href":"https:\/\/www.seiris-sa.com\/es\/wp-json\/wp\/v2\/comments?post=14773"}],"version-history":[{"count":7,"href":"https:\/\/www.seiris-sa.com\/es\/wp-json\/wp\/v2\/pages\/14773\/revisions"}],"predecessor-version":[{"id":14880,"href":"https:\/\/www.seiris-sa.com\/es\/wp-json\/wp\/v2\/pages\/14773\/revisions\/14880"}],"wp:featuredmedia":[{"embeddable":true,"href":"https:\/\/www.seiris-sa.com\/es\/wp-json\/"}],"wp:attachment":[{"href":"https:\/\/www.seiris-sa.com\/es\/wp-json\/wp\/v2\/media?parent=14773"}],"curies":[{"name":"wp","href":"https:\/\/api.w.org\/{rel}","templated":true}]}}