{"id":9361,"date":"2020-04-14T12:48:54","date_gmt":"2020-04-14T10:48:54","guid":{"rendered":"http:\/\/www.seiris-sa.com\/?page_id=9361"},"modified":"2025-10-16T15:45:03","modified_gmt":"2025-10-16T13:45:03","slug":"perfil","status":"publish","type":"page","link":"https:\/\/www.seiris-sa.com\/es\/perfil\/","title":{"rendered":"Perfil"},"content":{"rendered":"\t\t<div data-elementor-type=\"wp-page\" data-elementor-id=\"9361\" class=\"elementor elementor-9361\">\n\t\t\t\t        <section class=\"elementor-section elementor-top-section elementor-element elementor-element-7a47941 elementor-section-full_width elementor-section-stretched pxl-full-content-with-space-start elementor-section-height-default elementor-section-height-default pxl-row-scroll-none pxl-zoom-point-false pxl-section-overflow-visible pxl-section-fix-none pxl-bg-color-none pxl-section-overlay-none\" data-id=\"7a47941\" data-element_type=\"section\" data-e-type=\"section\" data-settings=\"{&quot;stretch_section&quot;:&quot;section-stretched&quot;,&quot;background_background&quot;:&quot;gradient&quot;}\" style=\"padding-left: calc( (100% - 1550px)\/2);\">\n\n                            <div class=\"elementor-background-overlay\"><\/div>\n            \n                <div class=\"elementor-container elementor-column-gap-extended \">\n                <div class=\"elementor-column elementor-col-50 elementor-top-column elementor-element elementor-element-fd8614f pxl-column-none pxl-column-overflow-hidden-no\" data-id=\"fd8614f\" data-element_type=\"column\" data-e-type=\"column\" data-settings=\"{&quot;background_background&quot;:&quot;classic&quot;}\">\r\n        <div class=\"elementor-widget-wrap elementor-element-populated\">\r\n                     \r\n        \t\t<div class=\"elementor-element elementor-element-b20d1e6 elementor-widget elementor-widget-pxl_heading\" data-id=\"b20d1e6\" data-element_type=\"widget\" data-e-type=\"widget\" data-widget_type=\"pxl_heading.default\">\n\t\t\t\t<div class=\"elementor-widget-container\">\n\t\t\t\t\t\n<div id=\"pxl-pxl_heading-b20d1e6-8828\" class=\"pxl-heading px-sub-title-default-style \">\n\t<div class=\"pxl-heading--inner\">\n\t\t\n\t\t<h1 class=\"pxl-item--title style-default highlight-default \" data-wow-delay=\"ms\">\n\t\t\t\t\t\t\tPerfil\t\n\t\t\t\t\n\t\t<\/h1>\n\t\t\n\t<\/div>\n<\/div>\t\t\t\t<\/div>\n\t\t\t\t<\/div>\n\t\t\t\t<div class=\"elementor-element elementor-element-7daba46 elementor-widget__width-initial elementor-widget elementor-widget-pxl_breadcrumb\" data-id=\"7daba46\" data-element_type=\"widget\" data-e-type=\"widget\" data-widget_type=\"pxl_breadcrumb.default\">\n\t\t\t\t<div class=\"elementor-widget-container\">\n\t\t\t\t\t<div class=\"pxl-breadcrumb-wrap\">\n\t<ul class=\"pxl-breadcrumb\"><li><span class=\"breadcrumb-entry\">Inicio<\/span><\/li><\/ul><\/div>\t\t\t\t<\/div>\n\t\t\t\t<\/div>\n\t\t            <\/div>\r\n        <\/div>\r\n                <div class=\"elementor-column elementor-col-50 elementor-top-column elementor-element elementor-element-36fe4df pxl-column-none pxl-column-overflow-hidden-no\" data-id=\"36fe4df\" data-element_type=\"column\" data-e-type=\"column\" data-settings=\"{&quot;background_background&quot;:&quot;classic&quot;}\">\r\n        <div class=\"elementor-widget-wrap\">\r\n                     \r\n                    <\/div>\r\n        <\/div>\r\n        \t\t\t<\/div>\n\t\t<\/section>\n\t\t        <section class=\"elementor-section elementor-top-section elementor-element elementor-element-b8f2c94 elementor-section-stretched elementor-section-content-middle elementor-section-boxed elementor-section-height-default elementor-section-height-default pxl-row-scroll-none pxl-zoom-point-false pxl-section-overflow-visible pxl-section-fix-none pxl-bg-color-none pxl-section-overlay-none\" data-id=\"b8f2c94\" data-element_type=\"section\" data-e-type=\"section\" data-settings=\"{&quot;stretch_section&quot;:&quot;section-stretched&quot;,&quot;background_background&quot;:&quot;classic&quot;}\" style=\"padding-left: calc( (100% - 1650px)\/2);\">\n\n                            <div class=\"elementor-background-overlay\"><\/div>\n            \n                <div class=\"elementor-container elementor-column-gap-extended \">\n                <div class=\"elementor-column elementor-col-50 elementor-top-column elementor-element elementor-element-4339a5a pxl-column-none pxl-column-overflow-hidden-no\" data-id=\"4339a5a\" data-element_type=\"column\" data-e-type=\"column\" data-settings=\"{&quot;background_background&quot;:&quot;classic&quot;}\">\r\n        <div class=\"elementor-widget-wrap elementor-element-populated\">\r\n                     \r\n        \t\t<div class=\"elementor-element elementor-element-48b24d6 elementor-widget elementor-widget-pxl_heading\" data-id=\"48b24d6\" data-element_type=\"widget\" data-e-type=\"widget\" data-widget_type=\"pxl_heading.default\">\n\t\t\t\t<div class=\"elementor-widget-container\">\n\t\t\t\t\t\n<div id=\"pxl-pxl_heading-48b24d6-6657\" class=\"pxl-heading px-sub-title-default-style \">\n\t<div class=\"pxl-heading--inner\">\n\t\t\n\t\t<h3 class=\"pxl-item--title style-default highlight-default \" data-wow-delay=\"ms\">\n\t\t\t\t\t\t\tAcerca de SEIRIS\t\n\t\t\t\t\n\t\t<\/h3>\n\t\t\n\t<\/div>\n<\/div>\t\t\t\t<\/div>\n\t\t\t\t<\/div>\n\t\t\t\t<div class=\"elementor-element elementor-element-8057c91 elementor-widget elementor-widget-pxl_text_editor\" data-id=\"8057c91\" data-element_type=\"widget\" data-e-type=\"widget\" data-widget_type=\"pxl_text_editor.default\">\n\t\t\t\t<div class=\"elementor-widget-container\">\n\t\t\t\t\t<div class=\"pxl-text-editor\">\n\t<div class=\"pxl-item--inner \" data-wow-delay=\"ms\">\n\t\t<p>Fundada en 1978 en Francia, SEIRIS se especializa en el dise\u00f1o, la fabricaci\u00f3n y la instalaci\u00f3n de compensadores de dilataci\u00f3n de tela, metal y caucho. Con m\u00e1s de cuarenta a\u00f1os de experiencia, la empresa ofrece soluciones a medida para sistemas complejos de tuber\u00edas y conductos.<\/p><p>En la actualidad, SEIRIS cuenta con plantas de producci\u00f3n en Francia y T\u00fanez, y se apoya en una red internacional de oficinas de representaci\u00f3n para garantizar su presencia en todo el mundo. Nuestro equipo, compuesto por m\u00e1s de 100 profesionales cualificados, trabaja en estrecha colaboraci\u00f3n con EPC, OEM y usuarios finales en sectores clave como la energ\u00eda, la petroqu\u00edmica, el cemento, la siderurgia, el sector mar\u00edtimo y muchos otros.<\/p><p>Desde el dise\u00f1o t\u00e9cnico hasta la instalaci\u00f3n in situ, nuestras soluciones cumplen con las normas internacionales m\u00e1s exigentes, garantizando rendimiento, seguridad y fiabilidad, incluso en los entornos m\u00e1s dif\u00edciles.<\/p>\t\t\n\t<\/div>\n<\/div>\t\t\t\t<\/div>\n\t\t\t\t<\/div>\n\t\t            <\/div>\r\n        <\/div>\r\n                <div class=\"elementor-column elementor-col-50 elementor-top-column elementor-element elementor-element-05dba99 pxl-column-none pxl-column-overflow-hidden-no\" data-id=\"05dba99\" data-element_type=\"column\" data-e-type=\"column\" data-settings=\"{&quot;background_background&quot;:&quot;classic&quot;}\">\r\n        <div class=\"elementor-widget-wrap elementor-element-populated\">\r\n                     \r\n        \t\t<div class=\"elementor-element elementor-element-b59ca86 elementor-widget elementor-widget-image\" data-id=\"b59ca86\" data-element_type=\"widget\" data-e-type=\"widget\" data-widget_type=\"image.default\">\n\t\t\t\t<div class=\"elementor-widget-container\">\n\t\t\t\t\t\t\t\t\t\t\t\t\t\t\t<img fetchpriority=\"high\" decoding=\"async\" width=\"850\" height=\"450\" src=\"https:\/\/www.seiris-sa.com\/wp-content\/uploads\/2024\/05\/headquarters-seiris-1.jpg\" class=\"attachment-full size-full wp-image-12679\" alt=\"headquarters seiris\" srcset=\"https:\/\/www.seiris-sa.com\/wp-content\/uploads\/2024\/05\/headquarters-seiris-1.jpg 850w, https:\/\/www.seiris-sa.com\/wp-content\/uploads\/2024\/05\/headquarters-seiris-1-300x159.jpg 300w, https:\/\/www.seiris-sa.com\/wp-content\/uploads\/2024\/05\/headquarters-seiris-1-768x407.jpg 768w\" sizes=\"(max-width: 850px) 100vw, 850px\" \/>\t\t\t\t\t\t\t\t\t\t\t\t\t\t\t<\/div>\n\t\t\t\t<\/div>\n\t\t            <\/div>\r\n        <\/div>\r\n        \t\t\t<\/div>\n\t\t<\/section>\n\t\t        <section class=\"elementor-section elementor-top-section elementor-element elementor-element-0eecb85 elementor-section-stretched elementor-section-boxed elementor-section-height-default elementor-section-height-default pxl-row-scroll-none pxl-zoom-point-false pxl-section-overflow-visible pxl-section-fix-none pxl-bg-color-none pxl-section-overlay-none\" data-id=\"0eecb85\" data-element_type=\"section\" data-e-type=\"section\" data-settings=\"{&quot;stretch_section&quot;:&quot;section-stretched&quot;}\">\n\n                \n                <div class=\"elementor-container elementor-column-gap-extended \">\n                <div class=\"elementor-column elementor-col-100 elementor-top-column elementor-element elementor-element-8c8e7c2 pxl-column-none pxl-column-overflow-hidden-no\" data-id=\"8c8e7c2\" data-element_type=\"column\" data-e-type=\"column\">\r\n        <div class=\"elementor-widget-wrap elementor-element-populated\">\r\n                     \r\n        \t\t<div class=\"elementor-element elementor-element-125bdb2 elementor-widget elementor-widget-pxl_history\" data-id=\"125bdb2\" data-element_type=\"widget\" data-e-type=\"widget\" data-widget_type=\"pxl_history.default\">\n\t\t\t\t<div class=\"elementor-widget-container\">\n\t\t\t\t\t<div class=\"pxl-history\">\r\n    <div class=\"dot dot1\"><\/div>\r\n    <div class=\"dot dot2\"><\/div>\r\n      <div class=\" pxl-history-l1 \" data-wow-delay=\"ms\">\r\n                    <div class=\"entry-body \">\r\n                                    <div class=\"pxl-item--image wow fadeInUp\" >\r\n                        <img decoding=\"async\" width=\"150\" height=\"150\" src=\"https:\/\/www.seiris-sa.com\/wp-content\/uploads\/2024\/05\/fondo.jpg\" class=\"no-lazyload attachment-full\" alt=\"\" \/>                    <\/div>\r\n                                <div class=\"wrap-content \">\r\n                    <div class=\"date \">\r\n                        1978                    <\/div>\r\n                    <h4 class=\"title wow fadeInUp\">Creaci\u00f3n de la empresa<\/h4>\r\n                    <p class=\"desc wow fadeInUp\">Comenzamos a fabricar manguitos flexibles clasificados como M0 y M1 para la ventilaci\u00f3n de los aparcamientos de las torres de Par\u00eds La D\u00e9fense.<\/p>\r\n                    <a href=\"\" class=\"btn-link wow fadeInUp\">                         <i class=\"far fa-arrow-right\"><\/i>\r\n                    <\/a>\r\n                <\/div>\r\n            <\/div>\r\n                    <div class=\"entry-body \">\r\n                                    <div class=\"pxl-item--image wow fadeInUp\" >\r\n                        <img decoding=\"async\" width=\"150\" height=\"150\" src=\"https:\/\/www.seiris-sa.com\/wp-content\/uploads\/2024\/05\/fondo.jpg\" class=\"no-lazyload attachment-full\" alt=\"\" \/>                    <\/div>\r\n                                <div class=\"wrap-content \">\r\n                    <div class=\"date \">\r\n                        1990                    <\/div>\r\n                    <h4 class=\"title wow fadeInUp\">Conocimientos tecnol\u00f3gicos<\/h4>\r\n                    <p class=\"desc wow fadeInUp\">Intervenci\u00f3n en una planta petroqu\u00edmica, suministro y montaje de 35 compensadores en las instalaciones de SHELL (\u00e9tang de Berre 13) DB3.<\/p>\r\n                    <a href=\"\" class=\"btn-link wow fadeInUp\">                         <i class=\"far fa-arrow-right\"><\/i>\r\n                    <\/a>\r\n                <\/div>\r\n            <\/div>\r\n                    <div class=\"entry-body \">\r\n                                    <div class=\"pxl-item--image wow fadeInUp\" >\r\n                        <img decoding=\"async\" width=\"150\" height=\"150\" src=\"https:\/\/www.seiris-sa.com\/wp-content\/uploads\/2024\/05\/fondo.jpg\" class=\"no-lazyload attachment-full\" alt=\"\" \/>                    <\/div>\r\n                                <div class=\"wrap-content \">\r\n                    <div class=\"date \">\r\n                        2004                    <\/div>\r\n                    <h4 class=\"title wow fadeInUp\">Creaci\u00f3n de una nueva planta<\/h4>\r\n                    <p class=\"desc wow fadeInUp\">Creaci\u00f3n de nuestra segunda planta de producci\u00f3n en T\u00fanez (SOUSSE).<\/p>\r\n                    <a href=\"\" class=\"btn-link wow fadeInUp\">                         <i class=\"far fa-arrow-right\"><\/i>\r\n                    <\/a>\r\n                <\/div>\r\n            <\/div>\r\n                    <div class=\"entry-body \">\r\n                                    <div class=\"pxl-item--image wow fadeInUp\" >\r\n                        <img decoding=\"async\" width=\"150\" height=\"150\" src=\"https:\/\/www.seiris-sa.com\/wp-content\/uploads\/2024\/05\/fondo.jpg\" class=\"no-lazyload attachment-full\" alt=\"\" \/>                    <\/div>\r\n                                <div class=\"wrap-content \">\r\n                    <div class=\"date \">\r\n                        2005                    <\/div>\r\n                    <h4 class=\"title wow fadeInUp\">Nuevas gamas de productos<\/h4>\r\n                    <p class=\"desc wow fadeInUp\">SEIRIS ampl\u00eda su gama de productos a\u00f1adiendo compensadores met\u00e1licos y de caucho.<\/p>\r\n                    <a href=\"\" class=\"btn-link wow fadeInUp\">                         <i class=\"far fa-arrow-right\"><\/i>\r\n                    <\/a>\r\n                <\/div>\r\n            <\/div>\r\n            <\/div>\r\n\r\n<\/div>\r\n\t\t\t\t<\/div>\n\t\t\t\t<\/div>\n\t\t            <\/div>\r\n        <\/div>\r\n        \t\t\t<\/div>\n\t\t<\/section>\n\t\t\t\t<\/div>\n\t\t","protected":false},"excerpt":{"rendered":"<p>Perfil Inicio Acerca de SEIRIS Fundada en 1978 en Francia, SEIRIS se especializa en el dise\u00f1o, la fabricaci\u00f3n y la instalaci\u00f3n de compensadores de dilataci\u00f3n de tela, metal y caucho. Con m\u00e1s de cuarenta a\u00f1os de experiencia, la empresa ofrece soluciones a medida para sistemas complejos de tuber\u00edas y conductos. En la actualidad, SEIRIS cuenta [&hellip;]<\/p>\n","protected":false},"author":1,"featured_media":0,"parent":0,"menu_order":0,"comment_status":"closed","ping_status":"closed","template":"","meta":{"footnotes":""},"class_list":["post-9361","page","type-page","status-publish","hentry"],"yoast_head":"<!-- This site is optimized with the Yoast SEO plugin v27.4 - https:\/\/yoast.com\/product\/yoast-seo-wordpress\/ -->\n<title>Perfil - SEIRIS<\/title>\n<meta name=\"robots\" content=\"index, follow, max-snippet:-1, max-image-preview:large, max-video-preview:-1\" \/>\n<link rel=\"canonical\" href=\"https:\/\/www.seiris-sa.com\/es\/perfil\/\" \/>\n<meta property=\"og:locale\" content=\"es_ES\" \/>\n<meta property=\"og:type\" content=\"article\" \/>\n<meta property=\"og:title\" content=\"Perfil - SEIRIS\" \/>\n<meta property=\"og:description\" content=\"Perfil Inicio Acerca de SEIRIS Fundada en 1978 en Francia, SEIRIS se especializa en el dise\u00f1o, la fabricaci\u00f3n y la instalaci\u00f3n de compensadores de dilataci\u00f3n de tela, metal y caucho. Con m\u00e1s de cuarenta a\u00f1os de experiencia, la empresa ofrece soluciones a medida para sistemas complejos de tuber\u00edas y conductos. En la actualidad, SEIRIS cuenta [&hellip;]\" \/>\n<meta property=\"og:url\" content=\"https:\/\/www.seiris-sa.com\/es\/perfil\/\" \/>\n<meta property=\"og:site_name\" content=\"SEIRIS\" \/>\n<meta property=\"article:modified_time\" content=\"2025-10-16T13:45:03+00:00\" \/>\n<meta property=\"og:image\" content=\"https:\/\/www.seiris-sa.com\/wp-content\/uploads\/2024\/05\/headquarters-seiris-1.jpg\" \/>\n\t<meta property=\"og:image:width\" content=\"850\" \/>\n\t<meta property=\"og:image:height\" content=\"450\" \/>\n\t<meta property=\"og:image:type\" content=\"image\/jpeg\" \/>\n<meta name=\"twitter:card\" content=\"summary_large_image\" \/>\n<meta name=\"twitter:label1\" content=\"Tiempo de lectura\" \/>\n\t<meta name=\"twitter:data1\" content=\"3 minutos\" \/>\n<script type=\"application\/ld+json\" class=\"yoast-schema-graph\">{\"@context\":\"https:\\\/\\\/schema.org\",\"@graph\":[{\"@type\":\"WebPage\",\"@id\":\"https:\\\/\\\/www.seiris-sa.com\\\/es\\\/perfil\\\/\",\"url\":\"https:\\\/\\\/www.seiris-sa.com\\\/es\\\/perfil\\\/\",\"name\":\"Perfil - SEIRIS\",\"isPartOf\":{\"@id\":\"https:\\\/\\\/www.seiris-sa.com\\\/es\\\/#website\"},\"primaryImageOfPage\":{\"@id\":\"https:\\\/\\\/www.seiris-sa.com\\\/es\\\/perfil\\\/#primaryimage\"},\"image\":{\"@id\":\"https:\\\/\\\/www.seiris-sa.com\\\/es\\\/perfil\\\/#primaryimage\"},\"thumbnailUrl\":\"https:\\\/\\\/www.seiris-sa.com\\\/wp-content\\\/uploads\\\/2024\\\/05\\\/headquarters-seiris-1.jpg\",\"datePublished\":\"2020-04-14T10:48:54+00:00\",\"dateModified\":\"2025-10-16T13:45:03+00:00\",\"breadcrumb\":{\"@id\":\"https:\\\/\\\/www.seiris-sa.com\\\/es\\\/perfil\\\/#breadcrumb\"},\"inLanguage\":\"es\",\"potentialAction\":[{\"@type\":\"ReadAction\",\"target\":[\"https:\\\/\\\/www.seiris-sa.com\\\/es\\\/perfil\\\/\"]}]},{\"@type\":\"ImageObject\",\"inLanguage\":\"es\",\"@id\":\"https:\\\/\\\/www.seiris-sa.com\\\/es\\\/perfil\\\/#primaryimage\",\"url\":\"https:\\\/\\\/www.seiris-sa.com\\\/wp-content\\\/uploads\\\/2024\\\/05\\\/headquarters-seiris-1.jpg\",\"contentUrl\":\"https:\\\/\\\/www.seiris-sa.com\\\/wp-content\\\/uploads\\\/2024\\\/05\\\/headquarters-seiris-1.jpg\"},{\"@type\":\"BreadcrumbList\",\"@id\":\"https:\\\/\\\/www.seiris-sa.com\\\/es\\\/perfil\\\/#breadcrumb\",\"itemListElement\":[{\"@type\":\"ListItem\",\"position\":1,\"name\":\"Portada\",\"item\":\"https:\\\/\\\/www.seiris-sa.com\\\/es\\\/\"},{\"@type\":\"ListItem\",\"position\":2,\"name\":\"Perfil\"}]},{\"@type\":\"WebSite\",\"@id\":\"https:\\\/\\\/www.seiris-sa.com\\\/es\\\/#website\",\"url\":\"https:\\\/\\\/www.seiris-sa.com\\\/es\\\/\",\"name\":\"SEIRIS\",\"description\":\"\",\"potentialAction\":[{\"@type\":\"SearchAction\",\"target\":{\"@type\":\"EntryPoint\",\"urlTemplate\":\"https:\\\/\\\/www.seiris-sa.com\\\/es\\\/?s={search_term_string}\"},\"query-input\":{\"@type\":\"PropertyValueSpecification\",\"valueRequired\":true,\"valueName\":\"search_term_string\"}}],\"inLanguage\":\"es\"}]}<\/script>\n<!-- \/ Yoast SEO plugin. -->","yoast_head_json":{"title":"Perfil - SEIRIS","robots":{"index":"index","follow":"follow","max-snippet":"max-snippet:-1","max-image-preview":"max-image-preview:large","max-video-preview":"max-video-preview:-1"},"canonical":"https:\/\/www.seiris-sa.com\/es\/perfil\/","og_locale":"es_ES","og_type":"article","og_title":"Perfil - SEIRIS","og_description":"Perfil Inicio Acerca de SEIRIS Fundada en 1978 en Francia, SEIRIS se especializa en el dise\u00f1o, la fabricaci\u00f3n y la instalaci\u00f3n de compensadores de dilataci\u00f3n de tela, metal y caucho. Con m\u00e1s de cuarenta a\u00f1os de experiencia, la empresa ofrece soluciones a medida para sistemas complejos de tuber\u00edas y conductos. En la actualidad, SEIRIS cuenta [&hellip;]","og_url":"https:\/\/www.seiris-sa.com\/es\/perfil\/","og_site_name":"SEIRIS","article_modified_time":"2025-10-16T13:45:03+00:00","og_image":[{"width":850,"height":450,"url":"https:\/\/www.seiris-sa.com\/wp-content\/uploads\/2024\/05\/headquarters-seiris-1.jpg","type":"image\/jpeg"}],"twitter_card":"summary_large_image","twitter_misc":{"Tiempo de lectura":"3 minutos"},"schema":{"@context":"https:\/\/schema.org","@graph":[{"@type":"WebPage","@id":"https:\/\/www.seiris-sa.com\/es\/perfil\/","url":"https:\/\/www.seiris-sa.com\/es\/perfil\/","name":"Perfil - SEIRIS","isPartOf":{"@id":"https:\/\/www.seiris-sa.com\/es\/#website"},"primaryImageOfPage":{"@id":"https:\/\/www.seiris-sa.com\/es\/perfil\/#primaryimage"},"image":{"@id":"https:\/\/www.seiris-sa.com\/es\/perfil\/#primaryimage"},"thumbnailUrl":"https:\/\/www.seiris-sa.com\/wp-content\/uploads\/2024\/05\/headquarters-seiris-1.jpg","datePublished":"2020-04-14T10:48:54+00:00","dateModified":"2025-10-16T13:45:03+00:00","breadcrumb":{"@id":"https:\/\/www.seiris-sa.com\/es\/perfil\/#breadcrumb"},"inLanguage":"es","potentialAction":[{"@type":"ReadAction","target":["https:\/\/www.seiris-sa.com\/es\/perfil\/"]}]},{"@type":"ImageObject","inLanguage":"es","@id":"https:\/\/www.seiris-sa.com\/es\/perfil\/#primaryimage","url":"https:\/\/www.seiris-sa.com\/wp-content\/uploads\/2024\/05\/headquarters-seiris-1.jpg","contentUrl":"https:\/\/www.seiris-sa.com\/wp-content\/uploads\/2024\/05\/headquarters-seiris-1.jpg"},{"@type":"BreadcrumbList","@id":"https:\/\/www.seiris-sa.com\/es\/perfil\/#breadcrumb","itemListElement":[{"@type":"ListItem","position":1,"name":"Portada","item":"https:\/\/www.seiris-sa.com\/es\/"},{"@type":"ListItem","position":2,"name":"Perfil"}]},{"@type":"WebSite","@id":"https:\/\/www.seiris-sa.com\/es\/#website","url":"https:\/\/www.seiris-sa.com\/es\/","name":"SEIRIS","description":"","potentialAction":[{"@type":"SearchAction","target":{"@type":"EntryPoint","urlTemplate":"https:\/\/www.seiris-sa.com\/es\/?s={search_term_string}"},"query-input":{"@type":"PropertyValueSpecification","valueRequired":true,"valueName":"search_term_string"}}],"inLanguage":"es"}]}},"_links":{"self":[{"href":"https:\/\/www.seiris-sa.com\/es\/wp-json\/wp\/v2\/pages\/9361","targetHints":{"allow":["GET"]}}],"collection":[{"href":"https:\/\/www.seiris-sa.com\/es\/wp-json\/wp\/v2\/pages"}],"about":[{"href":"https:\/\/www.seiris-sa.com\/es\/wp-json\/wp\/v2\/types\/page"}],"author":[{"embeddable":true,"href":"https:\/\/www.seiris-sa.com\/es\/wp-json\/wp\/v2\/users\/1"}],"replies":[{"embeddable":true,"href":"https:\/\/www.seiris-sa.com\/es\/wp-json\/wp\/v2\/comments?post=9361"}],"version-history":[{"count":4,"href":"https:\/\/www.seiris-sa.com\/es\/wp-json\/wp\/v2\/pages\/9361\/revisions"}],"predecessor-version":[{"id":14681,"href":"https:\/\/www.seiris-sa.com\/es\/wp-json\/wp\/v2\/pages\/9361\/revisions\/14681"}],"wp:attachment":[{"href":"https:\/\/www.seiris-sa.com\/es\/wp-json\/wp\/v2\/media?parent=9361"}],"curies":[{"name":"wp","href":"https:\/\/api.w.org\/{rel}","templated":true}]}}