{"id":14909,"date":"2020-04-14T12:48:54","date_gmt":"2020-04-14T10:48:54","guid":{"rendered":"https:\/\/www.seiris-sa.com\/?page_id=14909"},"modified":"2026-03-05T14:07:08","modified_gmt":"2026-03-05T13:07:08","slug":"hakkimizda","status":"publish","type":"page","link":"https:\/\/www.seiris-sa.com\/tr\/hakkimizda\/","title":{"rendered":"Hakk\u0131m\u0131zda"},"content":{"rendered":"\t\t<div data-elementor-type=\"wp-page\" data-elementor-id=\"14909\" class=\"elementor elementor-14909 elementor-9361\">\n\t\t\t\t        <section class=\"elementor-section elementor-top-section elementor-element elementor-element-7a47941 elementor-section-full_width elementor-section-stretched pxl-full-content-with-space-start elementor-section-height-default elementor-section-height-default pxl-row-scroll-none pxl-zoom-point-false pxl-section-overflow-visible pxl-section-fix-none pxl-bg-color-none pxl-section-overlay-none\" data-id=\"7a47941\" data-element_type=\"section\" data-e-type=\"section\" data-settings=\"{&quot;stretch_section&quot;:&quot;section-stretched&quot;,&quot;background_background&quot;:&quot;gradient&quot;}\" style=\"padding-left: calc( (100% - 1550px)\/2);\">\n\n                            <div class=\"elementor-background-overlay\"><\/div>\n            \n                <div class=\"elementor-container elementor-column-gap-extended \">\n                <div class=\"elementor-column elementor-col-50 elementor-top-column elementor-element elementor-element-fd8614f pxl-column-none pxl-column-overflow-hidden-no\" data-id=\"fd8614f\" data-element_type=\"column\" data-e-type=\"column\" data-settings=\"{&quot;background_background&quot;:&quot;classic&quot;}\">\r\n        <div class=\"elementor-widget-wrap elementor-element-populated\">\r\n                     \r\n        \t\t<div class=\"elementor-element elementor-element-b20d1e6 elementor-widget elementor-widget-pxl_heading\" data-id=\"b20d1e6\" data-element_type=\"widget\" data-e-type=\"widget\" data-widget_type=\"pxl_heading.default\">\n\t\t\t\t<div class=\"elementor-widget-container\">\n\t\t\t\t\t\n<div id=\"pxl-pxl_heading-b20d1e6-2457\" class=\"pxl-heading px-sub-title-default-style \">\n\t<div class=\"pxl-heading--inner\">\n\t\t\n\t\t<h1 class=\"pxl-item--title style-default highlight-default \" data-wow-delay=\"ms\">\n\t\t\t\t\t\t\tHakk\u0131m\u0131zda\t\n\t\t\t\t\n\t\t<\/h1>\n\t\t\n\t<\/div>\n<\/div>\t\t\t\t<\/div>\n\t\t\t\t<\/div>\n\t\t\t\t<div class=\"elementor-element elementor-element-7daba46 elementor-widget__width-initial elementor-widget elementor-widget-pxl_breadcrumb\" data-id=\"7daba46\" data-element_type=\"widget\" data-e-type=\"widget\" data-widget_type=\"pxl_breadcrumb.default\">\n\t\t\t\t<div class=\"elementor-widget-container\">\n\t\t\t\t\t<div class=\"pxl-breadcrumb-wrap\">\n\t<ul class=\"pxl-breadcrumb\"><li><span class=\"breadcrumb-entry\">Ana Sayfa<\/span><\/li><\/ul><\/div>\t\t\t\t<\/div>\n\t\t\t\t<\/div>\n\t\t            <\/div>\r\n        <\/div>\r\n                <div class=\"elementor-column elementor-col-50 elementor-top-column elementor-element elementor-element-36fe4df pxl-column-none pxl-column-overflow-hidden-no\" data-id=\"36fe4df\" data-element_type=\"column\" data-e-type=\"column\" data-settings=\"{&quot;background_background&quot;:&quot;classic&quot;}\">\r\n        <div class=\"elementor-widget-wrap\">\r\n                     \r\n                    <\/div>\r\n        <\/div>\r\n        \t\t\t<\/div>\n\t\t<\/section>\n\t\t        <section class=\"elementor-section elementor-top-section elementor-element elementor-element-b8f2c94 elementor-section-stretched elementor-section-content-middle elementor-section-boxed elementor-section-height-default elementor-section-height-default pxl-row-scroll-none pxl-zoom-point-false pxl-section-overflow-visible pxl-section-fix-none pxl-bg-color-none pxl-section-overlay-none\" data-id=\"b8f2c94\" data-element_type=\"section\" data-e-type=\"section\" data-settings=\"{&quot;stretch_section&quot;:&quot;section-stretched&quot;,&quot;background_background&quot;:&quot;classic&quot;}\" style=\"padding-left: calc( (100% - 1650px)\/2);\">\n\n                            <div class=\"elementor-background-overlay\"><\/div>\n            \n                <div class=\"elementor-container elementor-column-gap-extended \">\n                <div class=\"elementor-column elementor-col-50 elementor-top-column elementor-element elementor-element-4339a5a pxl-column-none pxl-column-overflow-hidden-no\" data-id=\"4339a5a\" data-element_type=\"column\" data-e-type=\"column\" data-settings=\"{&quot;background_background&quot;:&quot;classic&quot;}\">\r\n        <div class=\"elementor-widget-wrap elementor-element-populated\">\r\n                     \r\n        \t\t<div class=\"elementor-element elementor-element-48b24d6 elementor-widget elementor-widget-pxl_heading\" data-id=\"48b24d6\" data-element_type=\"widget\" data-e-type=\"widget\" data-widget_type=\"pxl_heading.default\">\n\t\t\t\t<div class=\"elementor-widget-container\">\n\t\t\t\t\t\n<div id=\"pxl-pxl_heading-48b24d6-7555\" class=\"pxl-heading px-sub-title-default-style \">\n\t<div class=\"pxl-heading--inner\">\n\t\t\n\t\t<h3 class=\"pxl-item--title style-default highlight-default \" data-wow-delay=\"ms\">\n\t\t\t\t\t\t\tSEIRIS \t\n\t\t\t\t\n\t\t<\/h3>\n\t\t\n\t<\/div>\n<\/div>\t\t\t\t<\/div>\n\t\t\t\t<\/div>\n\t\t\t\t<div class=\"elementor-element elementor-element-8057c91 elementor-widget elementor-widget-pxl_text_editor\" data-id=\"8057c91\" data-element_type=\"widget\" data-e-type=\"widget\" data-widget_type=\"pxl_text_editor.default\">\n\t\t\t\t<div class=\"elementor-widget-container\">\n\t\t\t\t\t<div class=\"pxl-text-editor\">\n\t<div class=\"pxl-item--inner \" data-wow-delay=\"ms\">\n\t\t<p>1978 y\u0131l\u0131nda Fransa&#8217;da kurulan SEIRIS, kuma\u015f, metal ve kau\u00e7uktan yap\u0131lm\u0131\u015f kompansat\u00f6rlerin tasar\u0131m\u0131, \u00fcretimi ve montaj\u0131 konusunda uzmanla\u015fm\u0131\u015ft\u0131r. Elli y\u0131l\u0131 a\u015fk\u0131n deneyime sahip olan \u015firket, boru ve kanal hatlar\u0131 i\u00e7in \u00f6zel \u00e7\u00f6z\u00fcmler sunmaktad\u0131r.<\/p><p>Bug\u00fcn SEIRIS, Fransa ve Tunus&#8217;ta \u00fcretim tesislerine ve k\u00fcresel bir varl\u0131k sa\u011flamak i\u00e7in uluslararas\u0131 temsilcilik a\u011f\u0131na sahiptir. 100&#8217;den fazla nitelikli profesyonelden olu\u015fan ekibimiz, enerji, petrokimya, \u00e7imento, \u00e7elik, denizcilik ve di\u011fer bir\u00e7ok \u00f6nemli sekt\u00f6rde EPC, OEM ve son kullan\u0131c\u0131larla yak\u0131n i\u015fbirli\u011fi i\u00e7inde \u00e7al\u0131\u015fmaktad\u0131r.<\/p><p>Teknik tasar\u0131mdan sahada kurulumuna kadar, \u00e7\u00f6z\u00fcmlerimiz en zorlu uluslararas\u0131 standartlar\u0131 kar\u015f\u0131lar ve en zorlu ortamlarda bile performans, g\u00fcvenlik ve g\u00fcvenilirlik sa\u011flar.<\/p>\t\t\n\t<\/div>\n<\/div>\t\t\t\t<\/div>\n\t\t\t\t<\/div>\n\t\t            <\/div>\r\n        <\/div>\r\n                <div class=\"elementor-column elementor-col-50 elementor-top-column elementor-element elementor-element-05dba99 pxl-column-none pxl-column-overflow-hidden-no\" data-id=\"05dba99\" data-element_type=\"column\" data-e-type=\"column\" data-settings=\"{&quot;background_background&quot;:&quot;classic&quot;}\">\r\n        <div class=\"elementor-widget-wrap elementor-element-populated\">\r\n                     \r\n        \t\t<div class=\"elementor-element elementor-element-b59ca86 elementor-widget elementor-widget-image\" data-id=\"b59ca86\" data-element_type=\"widget\" data-e-type=\"widget\" data-widget_type=\"image.default\">\n\t\t\t\t<div class=\"elementor-widget-container\">\n\t\t\t\t\t\t\t\t\t\t\t\t\t\t\t<img fetchpriority=\"high\" decoding=\"async\" width=\"850\" height=\"450\" src=\"https:\/\/www.seiris-sa.com\/wp-content\/uploads\/2024\/05\/headquarters-seiris-1.jpg\" class=\"attachment-full size-full wp-image-12680\" alt=\"headquarters seiris\" srcset=\"https:\/\/www.seiris-sa.com\/wp-content\/uploads\/2024\/05\/headquarters-seiris-1.jpg 850w, https:\/\/www.seiris-sa.com\/wp-content\/uploads\/2024\/05\/headquarters-seiris-1-300x159.jpg 300w, https:\/\/www.seiris-sa.com\/wp-content\/uploads\/2024\/05\/headquarters-seiris-1-768x407.jpg 768w\" sizes=\"(max-width: 850px) 100vw, 850px\" \/>\t\t\t\t\t\t\t\t\t\t\t\t\t\t\t<\/div>\n\t\t\t\t<\/div>\n\t\t            <\/div>\r\n        <\/div>\r\n        \t\t\t<\/div>\n\t\t<\/section>\n\t\t        <section class=\"elementor-section elementor-top-section elementor-element elementor-element-0eecb85 elementor-section-stretched elementor-section-boxed elementor-section-height-default elementor-section-height-default pxl-row-scroll-none pxl-zoom-point-false pxl-section-overflow-visible pxl-section-fix-none pxl-bg-color-none pxl-section-overlay-none\" data-id=\"0eecb85\" data-element_type=\"section\" data-e-type=\"section\" data-settings=\"{&quot;stretch_section&quot;:&quot;section-stretched&quot;}\">\n\n                \n                <div class=\"elementor-container elementor-column-gap-extended \">\n                <div class=\"elementor-column elementor-col-100 elementor-top-column elementor-element elementor-element-8c8e7c2 pxl-column-none pxl-column-overflow-hidden-no\" data-id=\"8c8e7c2\" data-element_type=\"column\" data-e-type=\"column\">\r\n        <div class=\"elementor-widget-wrap elementor-element-populated\">\r\n                     \r\n        \t\t<div class=\"elementor-element elementor-element-125bdb2 elementor-widget elementor-widget-pxl_history\" data-id=\"125bdb2\" data-element_type=\"widget\" data-e-type=\"widget\" data-widget_type=\"pxl_history.default\">\n\t\t\t\t<div class=\"elementor-widget-container\">\n\t\t\t\t\t<div class=\"pxl-history\">\r\n    <div class=\"dot dot1\"><\/div>\r\n    <div class=\"dot dot2\"><\/div>\r\n      <div class=\" pxl-history-l1 \" data-wow-delay=\"ms\">\r\n                    <div class=\"entry-body \">\r\n                                    <div class=\"pxl-item--image wow fadeInUp\" >\r\n                        <img decoding=\"async\" width=\"150\" height=\"150\" src=\"https:\/\/www.seiris-sa.com\/wp-content\/uploads\/2024\/05\/fondo.jpg\" class=\"no-lazyload attachment-full\" alt=\"\" \/>                    <\/div>\r\n                                <div class=\"wrap-content \">\r\n                    <div class=\"date \">\r\n                        1978                    <\/div>\r\n                    <h4 class=\"title wow fadeInUp\">\u015eirketin kurulu\u015fu<\/h4>\r\n                    <p class=\"desc wow fadeInUp\">Paris La D\u00e9fense kulelerinin otopark havaland\u0131rmalar\u0131 i\u00e7in M0 ve M1 s\u0131n\u0131f\u0131 esnek kompansat\u00f6rler \u00fcretmeye ba\u015flad\u0131.<\/p>\r\n                    <a href=\"\" class=\"btn-link wow fadeInUp\">                         <i class=\"far fa-arrow-right\"><\/i>\r\n                    <\/a>\r\n                <\/div>\r\n            <\/div>\r\n                    <div class=\"entry-body \">\r\n                                    <div class=\"pxl-item--image wow fadeInUp\" >\r\n                        <img decoding=\"async\" width=\"150\" height=\"150\" src=\"https:\/\/www.seiris-sa.com\/wp-content\/uploads\/2024\/05\/fondo.jpg\" class=\"no-lazyload attachment-full\" alt=\"\" \/>                    <\/div>\r\n                                <div class=\"wrap-content \">\r\n                    <div class=\"date \">\r\n                        1990                    <\/div>\r\n                    <h4 class=\"title wow fadeInUp\">Teknolojik bilgi<\/h4>\r\n                    <p class=\"desc wow fadeInUp\">Petrokimya tesisinde saha i\u015fi, SHELL tesisinde (Berre 13) 35 kompansat\u00f6r\u00fcn temini ve montaj\u0131 DB3.<\/p>\r\n                    <a href=\"\" class=\"btn-link wow fadeInUp\">                         <i class=\"far fa-arrow-right\"><\/i>\r\n                    <\/a>\r\n                <\/div>\r\n            <\/div>\r\n                    <div class=\"entry-body \">\r\n                                    <div class=\"pxl-item--image wow fadeInUp\" >\r\n                        <img decoding=\"async\" width=\"150\" height=\"150\" src=\"https:\/\/www.seiris-sa.com\/wp-content\/uploads\/2024\/05\/fondo.jpg\" class=\"no-lazyload attachment-full\" alt=\"\" \/>                    <\/div>\r\n                                <div class=\"wrap-content \">\r\n                    <div class=\"date \">\r\n                        2004                    <\/div>\r\n                    <h4 class=\"title wow fadeInUp\">Yeni tesisin kurulmas\u0131<\/h4>\r\n                    <p class=\"desc wow fadeInUp\">Tunus'ta (SOUSSE) ikinci \u00fcretim tesisimizin kurulmas\u0131.<\/p>\r\n                    <a href=\"\" class=\"btn-link wow fadeInUp\">                         <i class=\"far fa-arrow-right\"><\/i>\r\n                    <\/a>\r\n                <\/div>\r\n            <\/div>\r\n                    <div class=\"entry-body \">\r\n                                    <div class=\"pxl-item--image wow fadeInUp\" >\r\n                        <img decoding=\"async\" width=\"150\" height=\"150\" src=\"https:\/\/www.seiris-sa.com\/wp-content\/uploads\/2024\/05\/fondo.jpg\" class=\"no-lazyload attachment-full\" alt=\"\" \/>                    <\/div>\r\n                                <div class=\"wrap-content \">\r\n                    <div class=\"date \">\r\n                        2005                    <\/div>\r\n                    <h4 class=\"title wow fadeInUp\">\u00fcr\u00fcn yelpazesi<\/h4>\r\n                    <p class=\"desc wow fadeInUp\">Metal ve kau\u00e7uk kompansat\u00f6rlerin \u00fcr\u00fcn yelpazesine eklenmesi<\/p>\r\n                    <a href=\"\" class=\"btn-link wow fadeInUp\">                         <i class=\"far fa-arrow-right\"><\/i>\r\n                    <\/a>\r\n                <\/div>\r\n            <\/div>\r\n            <\/div>\r\n\r\n<\/div>\r\n\t\t\t\t<\/div>\n\t\t\t\t<\/div>\n\t\t            <\/div>\r\n        <\/div>\r\n        \t\t\t<\/div>\n\t\t<\/section>\n\t\t\t\t<\/div>\n\t\t","protected":false},"excerpt":{"rendered":"<p>Hakk\u0131m\u0131zda Accueil SEIRIS 1978 y\u0131l\u0131nda Fransa&#8217;da kurulan SEIRIS, kuma\u015f, metal ve kau\u00e7uktan yap\u0131lm\u0131\u015f kompansat\u00f6rlerin tasar\u0131m\u0131, \u00fcretimi ve montaj\u0131 konusunda uzmanla\u015fm\u0131\u015ft\u0131r. Elli y\u0131l\u0131 a\u015fk\u0131n deneyime sahip olan \u015firket, boru ve kanal hatlar\u0131 i\u00e7in \u00f6zel \u00e7\u00f6z\u00fcmler sunmaktad\u0131r. Bug\u00fcn SEIRIS, Fransa ve Tunus&#8217;ta \u00fcretim tesislerine ve k\u00fcresel bir varl\u0131k sa\u011flamak i\u00e7in uluslararas\u0131 temsilcilik a\u011f\u0131na sahiptir. 100&#8217;den fazla nitelikli [&hellip;]<\/p>\n","protected":false},"author":1,"featured_media":0,"parent":0,"menu_order":0,"comment_status":"closed","ping_status":"closed","template":"","meta":{"footnotes":""},"class_list":["post-14909","page","type-page","status-publish","hentry"],"yoast_head":"<!-- This site is optimized with the Yoast SEO plugin v27.4 - https:\/\/yoast.com\/product\/yoast-seo-wordpress\/ -->\n<title>Hakk\u0131m\u0131zda - SEIRIS<\/title>\n<meta name=\"robots\" content=\"index, follow, max-snippet:-1, max-image-preview:large, max-video-preview:-1\" \/>\n<link rel=\"canonical\" href=\"https:\/\/www.seiris-sa.com\/tr\/hakkimizda\/\" \/>\n<meta property=\"og:locale\" content=\"tr_TR\" \/>\n<meta property=\"og:type\" content=\"article\" \/>\n<meta property=\"og:title\" content=\"Hakk\u0131m\u0131zda - SEIRIS\" \/>\n<meta property=\"og:description\" content=\"Hakk\u0131m\u0131zda Accueil SEIRIS 1978 y\u0131l\u0131nda Fransa&#8217;da kurulan SEIRIS, kuma\u015f, metal ve kau\u00e7uktan yap\u0131lm\u0131\u015f kompansat\u00f6rlerin tasar\u0131m\u0131, \u00fcretimi ve montaj\u0131 konusunda uzmanla\u015fm\u0131\u015ft\u0131r. Elli y\u0131l\u0131 a\u015fk\u0131n deneyime sahip olan \u015firket, boru ve kanal hatlar\u0131 i\u00e7in \u00f6zel \u00e7\u00f6z\u00fcmler sunmaktad\u0131r. Bug\u00fcn SEIRIS, Fransa ve Tunus&#8217;ta \u00fcretim tesislerine ve k\u00fcresel bir varl\u0131k sa\u011flamak i\u00e7in uluslararas\u0131 temsilcilik a\u011f\u0131na sahiptir. 100&#8217;den fazla nitelikli [&hellip;]\" \/>\n<meta property=\"og:url\" content=\"https:\/\/www.seiris-sa.com\/tr\/hakkimizda\/\" \/>\n<meta property=\"og:site_name\" content=\"SEIRIS\" \/>\n<meta property=\"article:modified_time\" content=\"2026-03-05T13:07:08+00:00\" \/>\n<meta property=\"og:image\" content=\"https:\/\/www.seiris-sa.com\/wp-content\/uploads\/2024\/05\/headquarters-seiris-1.jpg\" \/>\n\t<meta property=\"og:image:width\" content=\"850\" \/>\n\t<meta property=\"og:image:height\" content=\"450\" \/>\n\t<meta property=\"og:image:type\" content=\"image\/jpeg\" \/>\n<meta name=\"twitter:card\" content=\"summary_large_image\" \/>\n<meta name=\"twitter:label1\" content=\"Tahmini okuma s\u00fcresi\" \/>\n\t<meta name=\"twitter:data1\" content=\"2 dakika\" \/>\n<script type=\"application\/ld+json\" class=\"yoast-schema-graph\">{\"@context\":\"https:\\\/\\\/schema.org\",\"@graph\":[{\"@type\":\"WebPage\",\"@id\":\"https:\\\/\\\/www.seiris-sa.com\\\/tr\\\/hakkimizda\\\/\",\"url\":\"https:\\\/\\\/www.seiris-sa.com\\\/tr\\\/hakkimizda\\\/\",\"name\":\"Hakk\u0131m\u0131zda - SEIRIS\",\"isPartOf\":{\"@id\":\"https:\\\/\\\/www.seiris-sa.com\\\/tr\\\/#website\"},\"primaryImageOfPage\":{\"@id\":\"https:\\\/\\\/www.seiris-sa.com\\\/tr\\\/hakkimizda\\\/#primaryimage\"},\"image\":{\"@id\":\"https:\\\/\\\/www.seiris-sa.com\\\/tr\\\/hakkimizda\\\/#primaryimage\"},\"thumbnailUrl\":\"https:\\\/\\\/www.seiris-sa.com\\\/wp-content\\\/uploads\\\/2024\\\/05\\\/headquarters-seiris-1.jpg\",\"datePublished\":\"2020-04-14T10:48:54+00:00\",\"dateModified\":\"2026-03-05T13:07:08+00:00\",\"breadcrumb\":{\"@id\":\"https:\\\/\\\/www.seiris-sa.com\\\/tr\\\/hakkimizda\\\/#breadcrumb\"},\"inLanguage\":\"tr\",\"potentialAction\":[{\"@type\":\"ReadAction\",\"target\":[\"https:\\\/\\\/www.seiris-sa.com\\\/tr\\\/hakkimizda\\\/\"]}]},{\"@type\":\"ImageObject\",\"inLanguage\":\"tr\",\"@id\":\"https:\\\/\\\/www.seiris-sa.com\\\/tr\\\/hakkimizda\\\/#primaryimage\",\"url\":\"https:\\\/\\\/www.seiris-sa.com\\\/wp-content\\\/uploads\\\/2024\\\/05\\\/headquarters-seiris-1.jpg\",\"contentUrl\":\"https:\\\/\\\/www.seiris-sa.com\\\/wp-content\\\/uploads\\\/2024\\\/05\\\/headquarters-seiris-1.jpg\"},{\"@type\":\"BreadcrumbList\",\"@id\":\"https:\\\/\\\/www.seiris-sa.com\\\/tr\\\/hakkimizda\\\/#breadcrumb\",\"itemListElement\":[{\"@type\":\"ListItem\",\"position\":1,\"name\":\"Portada\",\"item\":\"https:\\\/\\\/www.seiris-sa.com\\\/tr\\\/\"},{\"@type\":\"ListItem\",\"position\":2,\"name\":\"Hakk\u0131m\u0131zda\"}]},{\"@type\":\"WebSite\",\"@id\":\"https:\\\/\\\/www.seiris-sa.com\\\/tr\\\/#website\",\"url\":\"https:\\\/\\\/www.seiris-sa.com\\\/tr\\\/\",\"name\":\"SEIRIS\",\"description\":\"\",\"potentialAction\":[{\"@type\":\"SearchAction\",\"target\":{\"@type\":\"EntryPoint\",\"urlTemplate\":\"https:\\\/\\\/www.seiris-sa.com\\\/tr\\\/?s={search_term_string}\"},\"query-input\":{\"@type\":\"PropertyValueSpecification\",\"valueRequired\":true,\"valueName\":\"search_term_string\"}}],\"inLanguage\":\"tr\"}]}<\/script>\n<!-- \/ Yoast SEO plugin. -->","yoast_head_json":{"title":"Hakk\u0131m\u0131zda - SEIRIS","robots":{"index":"index","follow":"follow","max-snippet":"max-snippet:-1","max-image-preview":"max-image-preview:large","max-video-preview":"max-video-preview:-1"},"canonical":"https:\/\/www.seiris-sa.com\/tr\/hakkimizda\/","og_locale":"tr_TR","og_type":"article","og_title":"Hakk\u0131m\u0131zda - SEIRIS","og_description":"Hakk\u0131m\u0131zda Accueil SEIRIS 1978 y\u0131l\u0131nda Fransa&#8217;da kurulan SEIRIS, kuma\u015f, metal ve kau\u00e7uktan yap\u0131lm\u0131\u015f kompansat\u00f6rlerin tasar\u0131m\u0131, \u00fcretimi ve montaj\u0131 konusunda uzmanla\u015fm\u0131\u015ft\u0131r. Elli y\u0131l\u0131 a\u015fk\u0131n deneyime sahip olan \u015firket, boru ve kanal hatlar\u0131 i\u00e7in \u00f6zel \u00e7\u00f6z\u00fcmler sunmaktad\u0131r. Bug\u00fcn SEIRIS, Fransa ve Tunus&#8217;ta \u00fcretim tesislerine ve k\u00fcresel bir varl\u0131k sa\u011flamak i\u00e7in uluslararas\u0131 temsilcilik a\u011f\u0131na sahiptir. 100&#8217;den fazla nitelikli [&hellip;]","og_url":"https:\/\/www.seiris-sa.com\/tr\/hakkimizda\/","og_site_name":"SEIRIS","article_modified_time":"2026-03-05T13:07:08+00:00","og_image":[{"width":850,"height":450,"url":"https:\/\/www.seiris-sa.com\/wp-content\/uploads\/2024\/05\/headquarters-seiris-1.jpg","type":"image\/jpeg"}],"twitter_card":"summary_large_image","twitter_misc":{"Tahmini okuma s\u00fcresi":"2 dakika"},"schema":{"@context":"https:\/\/schema.org","@graph":[{"@type":"WebPage","@id":"https:\/\/www.seiris-sa.com\/tr\/hakkimizda\/","url":"https:\/\/www.seiris-sa.com\/tr\/hakkimizda\/","name":"Hakk\u0131m\u0131zda - SEIRIS","isPartOf":{"@id":"https:\/\/www.seiris-sa.com\/tr\/#website"},"primaryImageOfPage":{"@id":"https:\/\/www.seiris-sa.com\/tr\/hakkimizda\/#primaryimage"},"image":{"@id":"https:\/\/www.seiris-sa.com\/tr\/hakkimizda\/#primaryimage"},"thumbnailUrl":"https:\/\/www.seiris-sa.com\/wp-content\/uploads\/2024\/05\/headquarters-seiris-1.jpg","datePublished":"2020-04-14T10:48:54+00:00","dateModified":"2026-03-05T13:07:08+00:00","breadcrumb":{"@id":"https:\/\/www.seiris-sa.com\/tr\/hakkimizda\/#breadcrumb"},"inLanguage":"tr","potentialAction":[{"@type":"ReadAction","target":["https:\/\/www.seiris-sa.com\/tr\/hakkimizda\/"]}]},{"@type":"ImageObject","inLanguage":"tr","@id":"https:\/\/www.seiris-sa.com\/tr\/hakkimizda\/#primaryimage","url":"https:\/\/www.seiris-sa.com\/wp-content\/uploads\/2024\/05\/headquarters-seiris-1.jpg","contentUrl":"https:\/\/www.seiris-sa.com\/wp-content\/uploads\/2024\/05\/headquarters-seiris-1.jpg"},{"@type":"BreadcrumbList","@id":"https:\/\/www.seiris-sa.com\/tr\/hakkimizda\/#breadcrumb","itemListElement":[{"@type":"ListItem","position":1,"name":"Portada","item":"https:\/\/www.seiris-sa.com\/tr\/"},{"@type":"ListItem","position":2,"name":"Hakk\u0131m\u0131zda"}]},{"@type":"WebSite","@id":"https:\/\/www.seiris-sa.com\/tr\/#website","url":"https:\/\/www.seiris-sa.com\/tr\/","name":"SEIRIS","description":"","potentialAction":[{"@type":"SearchAction","target":{"@type":"EntryPoint","urlTemplate":"https:\/\/www.seiris-sa.com\/tr\/?s={search_term_string}"},"query-input":{"@type":"PropertyValueSpecification","valueRequired":true,"valueName":"search_term_string"}}],"inLanguage":"tr"}]}},"_links":{"self":[{"href":"https:\/\/www.seiris-sa.com\/tr\/wp-json\/wp\/v2\/pages\/14909","targetHints":{"allow":["GET"]}}],"collection":[{"href":"https:\/\/www.seiris-sa.com\/tr\/wp-json\/wp\/v2\/pages"}],"about":[{"href":"https:\/\/www.seiris-sa.com\/tr\/wp-json\/wp\/v2\/types\/page"}],"author":[{"embeddable":true,"href":"https:\/\/www.seiris-sa.com\/tr\/wp-json\/wp\/v2\/users\/1"}],"replies":[{"embeddable":true,"href":"https:\/\/www.seiris-sa.com\/tr\/wp-json\/wp\/v2\/comments?post=14909"}],"version-history":[{"count":11,"href":"https:\/\/www.seiris-sa.com\/tr\/wp-json\/wp\/v2\/pages\/14909\/revisions"}],"predecessor-version":[{"id":15290,"href":"https:\/\/www.seiris-sa.com\/tr\/wp-json\/wp\/v2\/pages\/14909\/revisions\/15290"}],"wp:attachment":[{"href":"https:\/\/www.seiris-sa.com\/tr\/wp-json\/wp\/v2\/media?parent=14909"}],"curies":[{"name":"wp","href":"https:\/\/api.w.org\/{rel}","templated":true}]}}