{"id":14946,"date":"2025-10-17T14:34:59","date_gmt":"2025-10-17T12:34:59","guid":{"rendered":"https:\/\/www.seiris-sa.com\/?page_id=14946"},"modified":"2025-12-30T09:15:34","modified_gmt":"2025-12-30T08:15:34","slug":"saglik-guvenlik-cevre","status":"publish","type":"page","link":"https:\/\/www.seiris-sa.com\/tr\/saglik-guvenlik-cevre\/","title":{"rendered":"Sa\u011fl\u0131k, G\u00fcvenlik, \u00c7evre"},"content":{"rendered":"\t\t<div data-elementor-type=\"wp-page\" data-elementor-id=\"14946\" class=\"elementor elementor-14946 elementor-14773\">\n\t\t\t\t        <section class=\"elementor-section elementor-top-section elementor-element elementor-element-197b865 elementor-section-full_width elementor-section-stretched pxl-full-content-with-space-start elementor-section-height-default elementor-section-height-default pxl-row-scroll-none pxl-zoom-point-false pxl-section-overflow-visible pxl-section-fix-none pxl-bg-color-none pxl-section-overlay-none\" data-id=\"197b865\" data-element_type=\"section\" data-e-type=\"section\" data-settings=\"{&quot;stretch_section&quot;:&quot;section-stretched&quot;,&quot;background_background&quot;:&quot;gradient&quot;}\" style=\"padding-left: calc( (100% - 1550px)\/2);\">\n\n                            <div class=\"elementor-background-overlay\"><\/div>\n            \n                <div class=\"elementor-container elementor-column-gap-extended \">\n                <div class=\"elementor-column elementor-col-50 elementor-top-column elementor-element elementor-element-0675b65 pxl-column-none pxl-column-overflow-hidden-no\" data-id=\"0675b65\" data-element_type=\"column\" data-e-type=\"column\" data-settings=\"{&quot;background_background&quot;:&quot;classic&quot;}\">\r\n        <div class=\"elementor-widget-wrap elementor-element-populated\">\r\n                     \r\n        \t\t<div class=\"elementor-element elementor-element-b01f4b5 elementor-widget elementor-widget-pxl_heading\" data-id=\"b01f4b5\" data-element_type=\"widget\" data-e-type=\"widget\" data-widget_type=\"pxl_heading.default\">\n\t\t\t\t<div class=\"elementor-widget-container\">\n\t\t\t\t\t\n<div id=\"pxl-pxl_heading-b01f4b5-7002\" class=\"pxl-heading px-sub-title-default-style \">\n\t<div class=\"pxl-heading--inner\">\n\t\t\n\t\t<h1 class=\"pxl-item--title style-default highlight-default \" data-wow-delay=\"ms\">\n\t\t\t\t\t\t\tSa\u011fl\u0131k, G\u00fcvenlik, \u00c7evre\t\n\t\t\t\t\n\t\t<\/h1>\n\t\t\n\t<\/div>\n<\/div>\t\t\t\t<\/div>\n\t\t\t\t<\/div>\n\t\t\t\t<div class=\"elementor-element elementor-element-78b50ed elementor-widget__width-initial elementor-widget elementor-widget-pxl_breadcrumb\" data-id=\"78b50ed\" data-element_type=\"widget\" data-e-type=\"widget\" data-widget_type=\"pxl_breadcrumb.default\">\n\t\t\t\t<div class=\"elementor-widget-container\">\n\t\t\t\t\t<div class=\"pxl-breadcrumb-wrap\">\n\t<ul class=\"pxl-breadcrumb\"><li><span class=\"breadcrumb-entry\">Ana Sayfa<\/span><\/li><\/ul><\/div>\t\t\t\t<\/div>\n\t\t\t\t<\/div>\n\t\t            <\/div>\r\n        <\/div>\r\n                <div class=\"elementor-column elementor-col-50 elementor-top-column elementor-element elementor-element-e22c5a8 pxl-column-none pxl-column-overflow-hidden-no\" data-id=\"e22c5a8\" data-element_type=\"column\" data-e-type=\"column\" data-settings=\"{&quot;background_background&quot;:&quot;classic&quot;}\">\r\n        <div class=\"elementor-widget-wrap\">\r\n                     \r\n                    <\/div>\r\n        <\/div>\r\n        \t\t\t<\/div>\n\t\t<\/section>\n\t\t        <section class=\"elementor-section elementor-top-section elementor-element elementor-element-09e603e elementor-section-stretched elementor-section-boxed elementor-section-height-default elementor-section-height-default pxl-row-scroll-none pxl-zoom-point-false pxl-section-overflow-visible pxl-section-fix-none pxl-bg-color-none pxl-section-overlay-none\" data-id=\"09e603e\" data-element_type=\"section\" data-e-type=\"section\" data-settings=\"{&quot;stretch_section&quot;:&quot;section-stretched&quot;}\">\n\n                \n                <div class=\"elementor-container elementor-column-gap-extended \">\n                <div class=\"elementor-column elementor-col-100 elementor-top-column elementor-element elementor-element-8302235 pxl-column-none pxl-column-overflow-hidden-no\" data-id=\"8302235\" data-element_type=\"column\" data-e-type=\"column\">\r\n        <div class=\"elementor-widget-wrap elementor-element-populated\">\r\n                     \r\n                <section class=\"elementor-section elementor-inner-section elementor-element elementor-element-8d89453 elementor-section-full_width pxl-section-overflow-hidden elementor-section-height-default elementor-section-height-default pxl-row-scroll-none pxl-zoom-point-false pxl-section-fix-none pxl-full-content-with-space-none pxl-bg-color-none pxl-section-overlay-none\" data-id=\"8d89453\" data-element_type=\"section\" data-e-type=\"section\" data-settings=\"{&quot;background_background&quot;:&quot;classic&quot;}\">\n\n                \n                <div class=\"elementor-container elementor-column-gap-extended \">\n                <div class=\"elementor-column elementor-col-50 elementor-inner-column elementor-element elementor-element-535842a pxl-column-none pxl-column-overflow-hidden-no\" data-id=\"535842a\" data-element_type=\"column\" data-e-type=\"column\">\r\n        <div class=\"elementor-widget-wrap elementor-element-populated\">\r\n                     \r\n        \t\t<div class=\"elementor-element elementor-element-d1506eb elementor-widget elementor-widget-pxl_heading\" data-id=\"d1506eb\" data-element_type=\"widget\" data-e-type=\"widget\" data-widget_type=\"pxl_heading.default\">\n\t\t\t\t<div class=\"elementor-widget-container\">\n\t\t\t\t\t\n<div id=\"pxl-pxl_heading-d1506eb-9256\" class=\"pxl-heading px-sub-title-default-style \">\n\t<div class=\"pxl-heading--inner\">\n\t\t\n\t\t<h3 class=\"pxl-item--title style-default highlight-default \" data-wow-delay=\"ms\">\n\t\t\t\t\t\t\tSa\u011fl\u0131k, G\u00fcvenlik ve \u00c7evre\t\n\t\t\t\t\n\t\t<\/h3>\n\t\t\n\t<\/div>\n<\/div>\t\t\t\t<\/div>\n\t\t\t\t<\/div>\n\t\t\t\t<div class=\"elementor-element elementor-element-b18ebc3 elementor-widget elementor-widget-pxl_text_editor\" data-id=\"b18ebc3\" data-element_type=\"widget\" data-e-type=\"widget\" data-widget_type=\"pxl_text_editor.default\">\n\t\t\t\t<div class=\"elementor-widget-container\">\n\t\t\t\t\t<div class=\"pxl-text-editor\">\n\t<div class=\"pxl-item--inner \" data-wow-delay=\"ms\">\n\t\t<p>SEIRIS&#8217;te sa\u011fl\u0131k, g\u00fcvenlik ve \u00e7evre (HSE) sorumlulu\u011fu faaliyetlerimizin merkezinde yer al\u0131r. ISO 9001 ve MASE gibi end\u00fcstri standartlar\u0131na s\u0131k\u0131 s\u0131k\u0131ya uyarak \u00e7al\u0131\u015fanlar\u0131m\u0131z\u0131n, m\u00fc\u015fterilerimizin ve ortaklar\u0131m\u0131z\u0131n g\u00fcvenli\u011fini ve refah\u0131n\u0131 sa\u011flamay\u0131 taahh\u00fct ediyoruz. Ekiplerimiz, y\u00fcksek riskli end\u00fcstriyel ortamlarda m\u00fcdahale etmek \u00fczere e\u011fitilmi\u015f ve sertifikaland\u0131r\u0131lm\u0131\u015ft\u0131r. T\u00fcm tesislerimizde ve projelerimizde d\u00fczenli g\u00fcvenlik denetimleri, risk de\u011ferlendirmeleri ve acil durum haz\u0131rl\u0131k protokolleri uyguluyoruz. G\u00fcvenlik sadece bir gereklilik de\u011fil, k\u00fclt\u00fcr\u00fcm\u00fcz\u00fcn ve g\u00fcnl\u00fck uygulamalar\u0131m\u0131z\u0131n ayr\u0131lmaz bir par\u00e7as\u0131 olan temel bir de\u011ferdir.<\/p>\t\t\n\t<\/div>\n<\/div>\t\t\t\t<\/div>\n\t\t\t\t<\/div>\n\t\t            <\/div>\r\n        <\/div>\r\n                <div class=\"elementor-column elementor-col-50 elementor-inner-column elementor-element elementor-element-28a9ba3 pxl-column-none pxl-column-overflow-hidden-no\" data-id=\"28a9ba3\" data-element_type=\"column\" data-e-type=\"column\">\r\n        <div class=\"elementor-widget-wrap elementor-element-populated\">\r\n                     \r\n        \t\t<div class=\"elementor-element elementor-element-dac66fd elementor-widget elementor-widget-pxl_image\" data-id=\"dac66fd\" data-element_type=\"widget\" data-e-type=\"widget\" data-widget_type=\"pxl_image.default\">\n\t\t\t\t<div class=\"elementor-widget-container\">\n\t\t\t\t\t<div id=\"pxl_image-dac66fd-4428\" class=\"pxl-image-single pxl-disable-parallax-sm pxl-hide-sr-lg  \" data-wow-delay=\"ms\"  >\r\n    <div class=\"pxl-item--inner\" data-wow-delay=\"120ms\">\r\n        \r\n                                <div class=\"pxl-item--bg bg-image\" style=\"background-image: url(https:\/\/www.seiris-sa.com\/wp-content\/uploads\/2025\/07\/nature.jpg);\"><\/div>\r\n                            \r\n            <\/div>\r\n<\/div>\t\t\t\t<\/div>\n\t\t\t\t<\/div>\n\t\t            <\/div>\r\n        <\/div>\r\n        \t\t\t<\/div>\n\t\t<\/section>\n\t\t            <\/div>\r\n        <\/div>\r\n        \t\t\t<\/div>\n\t\t<\/section>\n\t\t        <section class=\"elementor-section elementor-top-section elementor-element elementor-element-66718e4 elementor-section-stretched elementor-section-boxed elementor-section-height-default elementor-section-height-default pxl-row-scroll-none pxl-zoom-point-false pxl-section-overflow-visible pxl-section-fix-none pxl-bg-color-none pxl-section-overlay-none\" data-id=\"66718e4\" data-element_type=\"section\" data-e-type=\"section\" data-settings=\"{&quot;stretch_section&quot;:&quot;section-stretched&quot;}\">\n\n                \n                <div class=\"elementor-container elementor-column-gap-extended \">\n                <div class=\"elementor-column elementor-col-100 elementor-top-column elementor-element elementor-element-04cad7e pxl-column-none pxl-column-overflow-hidden-no\" data-id=\"04cad7e\" data-element_type=\"column\" data-e-type=\"column\">\r\n        <div class=\"elementor-widget-wrap elementor-element-populated\">\r\n                     \r\n                <section class=\"elementor-section elementor-inner-section elementor-element elementor-element-41e196b elementor-section-full_width pxl-section-overflow-hidden elementor-section-height-default elementor-section-height-default pxl-row-scroll-none pxl-zoom-point-false pxl-section-fix-none pxl-full-content-with-space-none pxl-bg-color-none pxl-section-overlay-none\" data-id=\"41e196b\" data-element_type=\"section\" data-e-type=\"section\" data-settings=\"{&quot;background_background&quot;:&quot;classic&quot;}\">\n\n                \n                <div class=\"elementor-container elementor-column-gap-extended \">\n                <div class=\"elementor-column elementor-col-50 elementor-inner-column elementor-element elementor-element-4a00ab0 pxl-column-none pxl-column-overflow-hidden-no\" data-id=\"4a00ab0\" data-element_type=\"column\" data-e-type=\"column\">\r\n        <div class=\"elementor-widget-wrap elementor-element-populated\">\r\n                     \r\n        \t\t<div class=\"elementor-element elementor-element-89cc4bc elementor-widget elementor-widget-pxl_text_editor\" data-id=\"89cc4bc\" data-element_type=\"widget\" data-e-type=\"widget\" data-widget_type=\"pxl_text_editor.default\">\n\t\t\t\t<div class=\"elementor-widget-container\">\n\t\t\t\t\t<div class=\"pxl-text-editor\">\n\t<div class=\"pxl-item--inner \" data-wow-delay=\"ms\">\n\t\t<p>\u00c7evre konusunda SEIRIS, ekolojik ayak izini azaltmak i\u00e7in proaktif bir yakla\u015f\u0131m benimsemektedir. At\u0131klar\u0131 s\u0131n\u0131rlamak i\u00e7in \u00e7evre dostu ambalajlar kullan\u0131yoruz ve t\u00fcm ara\u00e7 filomuz tamamen hibrit olmas\u0131 ile, emisyonlar\u0131n azalt\u0131lmas\u0131n\u0131 ve s\u00fcrd\u00fcr\u00fclebilir mobiliteyi desteklemekteyiz. T\u00fcm tesislerimizde enerji verimlili\u011fi, geri d\u00f6n\u00fc\u015f\u00fcm ve malzemelerin sorumlu kullan\u0131m\u0131 \u00f6nceliklidir. Bu eylemlerle, teknik m\u00fckemmellik gereklili\u011fimizi \u00e7evreye derin sayg\u0131 ve uzun vadeli s\u00fcrd\u00fcr\u00fclebilirlik konusundaki kararl\u0131l\u0131\u011f\u0131m\u0131zla birle\u015ftiriyoruz.<\/p>\t\t\n\t<\/div>\n<\/div>\t\t\t\t<\/div>\n\t\t\t\t<\/div>\n\t\t\t\t<div class=\"elementor-element elementor-element-0d451a8 elementor-widget elementor-widget-pxl_button\" data-id=\"0d451a8\" data-element_type=\"widget\" data-e-type=\"widget\" data-widget_type=\"pxl_button.default\">\n\t\t\t\t<div class=\"elementor-widget-container\">\n\t\t\t\t\t<div id=\"pxl-pxl_button-0d451a8-3197\" class=\"pxl-button pxl-atc-link \" data-wow-delay=\"ms\">\r\n    <a href=\"\/tr\/iletisim\/\" class=\"btn pxl-icon-active  btn-default  inline pxl-icon--right\" data-wow-delay=\"ms\" data-target=\".pxl-page-popup-template-0\">\r\n        <i aria-hidden=\"true\" class=\"far fa-arrow-right\"><\/i>        <span class=\"pxl--btn-text\" data-text=\"\u0130leti\u015fim\">\r\n            \u0130leti\u015fim        <\/span>\r\n            <\/a>\r\n<\/div>\t\t\t\t<\/div>\n\t\t\t\t<\/div>\n\t\t            <\/div>\r\n        <\/div>\r\n                <div class=\"elementor-column elementor-col-50 elementor-inner-column elementor-element elementor-element-52b64a3 pxl-column-none pxl-column-overflow-hidden-no\" data-id=\"52b64a3\" data-element_type=\"column\" data-e-type=\"column\" data-settings=\"{&quot;background_background&quot;:&quot;classic&quot;}\">\r\n        <div class=\"elementor-widget-wrap elementor-element-populated\">\r\n                     \r\n        \t\t<div class=\"elementor-element elementor-element-5c5b9ac elementor-widget elementor-widget-spacer\" data-id=\"5c5b9ac\" data-element_type=\"widget\" data-e-type=\"widget\" data-widget_type=\"spacer.default\">\n\t\t\t\t<div class=\"elementor-widget-container\">\n\t\t\t\t\t\t\t<div class=\"elementor-spacer\">\n\t\t\t<div class=\"elementor-spacer-inner\"><\/div>\n\t\t<\/div>\n\t\t\t\t\t\t<\/div>\n\t\t\t\t<\/div>\n\t\t            <\/div>\r\n        <\/div>\r\n        \t\t\t<\/div>\n\t\t<\/section>\n\t\t            <\/div>\r\n        <\/div>\r\n        \t\t\t<\/div>\n\t\t<\/section>\n\t\t\t\t<\/div>\n\t\t","protected":false},"excerpt":{"rendered":"<p>Sa\u011fl\u0131k, G\u00fcvenlik, \u00c7evre Accueil Sa\u011fl\u0131k, G\u00fcvenlik ve \u00c7evre SEIRIS&#8217;te sa\u011fl\u0131k, g\u00fcvenlik ve \u00e7evre (HSE) sorumlulu\u011fu faaliyetlerimizin merkezinde yer al\u0131r. ISO 9001 ve MASE gibi end\u00fcstri standartlar\u0131na s\u0131k\u0131 s\u0131k\u0131ya uyarak \u00e7al\u0131\u015fanlar\u0131m\u0131z\u0131n, m\u00fc\u015fterilerimizin ve ortaklar\u0131m\u0131z\u0131n g\u00fcvenli\u011fini ve refah\u0131n\u0131 sa\u011flamay\u0131 taahh\u00fct ediyoruz. Ekiplerimiz, y\u00fcksek riskli end\u00fcstriyel ortamlarda m\u00fcdahale etmek \u00fczere e\u011fitilmi\u015f ve sertifikaland\u0131r\u0131lm\u0131\u015ft\u0131r. T\u00fcm tesislerimizde ve projelerimizde d\u00fczenli [&hellip;]<\/p>\n","protected":false},"author":1,"featured_media":0,"parent":0,"menu_order":0,"comment_status":"closed","ping_status":"closed","template":"","meta":{"footnotes":""},"class_list":["post-14946","page","type-page","status-publish","hentry"],"yoast_head":"<!-- This site is optimized with the Yoast SEO plugin v27.4 - https:\/\/yoast.com\/product\/yoast-seo-wordpress\/ -->\n<title>Sa\u011fl\u0131k, G\u00fcvenlik, \u00c7evre - SEIRIS<\/title>\n<meta name=\"robots\" content=\"index, follow, max-snippet:-1, max-image-preview:large, max-video-preview:-1\" \/>\n<link rel=\"canonical\" href=\"https:\/\/www.seiris-sa.com\/tr\/saglik-guvenlik-cevre\/\" \/>\n<meta property=\"og:locale\" content=\"tr_TR\" \/>\n<meta property=\"og:type\" content=\"article\" \/>\n<meta property=\"og:title\" content=\"Sa\u011fl\u0131k, G\u00fcvenlik, \u00c7evre - SEIRIS\" \/>\n<meta property=\"og:description\" content=\"Sa\u011fl\u0131k, G\u00fcvenlik, \u00c7evre Accueil Sa\u011fl\u0131k, G\u00fcvenlik ve \u00c7evre SEIRIS&#8217;te sa\u011fl\u0131k, g\u00fcvenlik ve \u00e7evre (HSE) sorumlulu\u011fu faaliyetlerimizin merkezinde yer al\u0131r. ISO 9001 ve MASE gibi end\u00fcstri standartlar\u0131na s\u0131k\u0131 s\u0131k\u0131ya uyarak \u00e7al\u0131\u015fanlar\u0131m\u0131z\u0131n, m\u00fc\u015fterilerimizin ve ortaklar\u0131m\u0131z\u0131n g\u00fcvenli\u011fini ve refah\u0131n\u0131 sa\u011flamay\u0131 taahh\u00fct ediyoruz. Ekiplerimiz, y\u00fcksek riskli end\u00fcstriyel ortamlarda m\u00fcdahale etmek \u00fczere e\u011fitilmi\u015f ve sertifikaland\u0131r\u0131lm\u0131\u015ft\u0131r. T\u00fcm tesislerimizde ve projelerimizde d\u00fczenli [&hellip;]\" \/>\n<meta property=\"og:url\" content=\"https:\/\/www.seiris-sa.com\/tr\/saglik-guvenlik-cevre\/\" \/>\n<meta property=\"og:site_name\" content=\"SEIRIS\" \/>\n<meta property=\"article:modified_time\" content=\"2025-12-30T08:15:34+00:00\" \/>\n<meta name=\"twitter:card\" content=\"summary_large_image\" \/>\n<meta name=\"twitter:label1\" content=\"Tahmini okuma s\u00fcresi\" \/>\n\t<meta name=\"twitter:data1\" content=\"1 dakika\" \/>\n<script type=\"application\/ld+json\" class=\"yoast-schema-graph\">{\"@context\":\"https:\\\/\\\/schema.org\",\"@graph\":[{\"@type\":\"WebPage\",\"@id\":\"https:\\\/\\\/www.seiris-sa.com\\\/tr\\\/saglik-guvenlik-cevre\\\/\",\"url\":\"https:\\\/\\\/www.seiris-sa.com\\\/tr\\\/saglik-guvenlik-cevre\\\/\",\"name\":\"Sa\u011fl\u0131k, G\u00fcvenlik, \u00c7evre - SEIRIS\",\"isPartOf\":{\"@id\":\"https:\\\/\\\/www.seiris-sa.com\\\/tr\\\/#website\"},\"datePublished\":\"2025-10-17T12:34:59+00:00\",\"dateModified\":\"2025-12-30T08:15:34+00:00\",\"breadcrumb\":{\"@id\":\"https:\\\/\\\/www.seiris-sa.com\\\/tr\\\/saglik-guvenlik-cevre\\\/#breadcrumb\"},\"inLanguage\":\"tr\",\"potentialAction\":[{\"@type\":\"ReadAction\",\"target\":[\"https:\\\/\\\/www.seiris-sa.com\\\/tr\\\/saglik-guvenlik-cevre\\\/\"]}]},{\"@type\":\"BreadcrumbList\",\"@id\":\"https:\\\/\\\/www.seiris-sa.com\\\/tr\\\/saglik-guvenlik-cevre\\\/#breadcrumb\",\"itemListElement\":[{\"@type\":\"ListItem\",\"position\":1,\"name\":\"Portada\",\"item\":\"https:\\\/\\\/www.seiris-sa.com\\\/tr\\\/\"},{\"@type\":\"ListItem\",\"position\":2,\"name\":\"Sa\u011fl\u0131k, G\u00fcvenlik, \u00c7evre\"}]},{\"@type\":\"WebSite\",\"@id\":\"https:\\\/\\\/www.seiris-sa.com\\\/tr\\\/#website\",\"url\":\"https:\\\/\\\/www.seiris-sa.com\\\/tr\\\/\",\"name\":\"SEIRIS\",\"description\":\"\",\"potentialAction\":[{\"@type\":\"SearchAction\",\"target\":{\"@type\":\"EntryPoint\",\"urlTemplate\":\"https:\\\/\\\/www.seiris-sa.com\\\/tr\\\/?s={search_term_string}\"},\"query-input\":{\"@type\":\"PropertyValueSpecification\",\"valueRequired\":true,\"valueName\":\"search_term_string\"}}],\"inLanguage\":\"tr\"}]}<\/script>\n<!-- \/ Yoast SEO plugin. -->","yoast_head_json":{"title":"Sa\u011fl\u0131k, G\u00fcvenlik, \u00c7evre - SEIRIS","robots":{"index":"index","follow":"follow","max-snippet":"max-snippet:-1","max-image-preview":"max-image-preview:large","max-video-preview":"max-video-preview:-1"},"canonical":"https:\/\/www.seiris-sa.com\/tr\/saglik-guvenlik-cevre\/","og_locale":"tr_TR","og_type":"article","og_title":"Sa\u011fl\u0131k, G\u00fcvenlik, \u00c7evre - SEIRIS","og_description":"Sa\u011fl\u0131k, G\u00fcvenlik, \u00c7evre Accueil Sa\u011fl\u0131k, G\u00fcvenlik ve \u00c7evre SEIRIS&#8217;te sa\u011fl\u0131k, g\u00fcvenlik ve \u00e7evre (HSE) sorumlulu\u011fu faaliyetlerimizin merkezinde yer al\u0131r. ISO 9001 ve MASE gibi end\u00fcstri standartlar\u0131na s\u0131k\u0131 s\u0131k\u0131ya uyarak \u00e7al\u0131\u015fanlar\u0131m\u0131z\u0131n, m\u00fc\u015fterilerimizin ve ortaklar\u0131m\u0131z\u0131n g\u00fcvenli\u011fini ve refah\u0131n\u0131 sa\u011flamay\u0131 taahh\u00fct ediyoruz. Ekiplerimiz, y\u00fcksek riskli end\u00fcstriyel ortamlarda m\u00fcdahale etmek \u00fczere e\u011fitilmi\u015f ve sertifikaland\u0131r\u0131lm\u0131\u015ft\u0131r. T\u00fcm tesislerimizde ve projelerimizde d\u00fczenli [&hellip;]","og_url":"https:\/\/www.seiris-sa.com\/tr\/saglik-guvenlik-cevre\/","og_site_name":"SEIRIS","article_modified_time":"2025-12-30T08:15:34+00:00","twitter_card":"summary_large_image","twitter_misc":{"Tahmini okuma s\u00fcresi":"1 dakika"},"schema":{"@context":"https:\/\/schema.org","@graph":[{"@type":"WebPage","@id":"https:\/\/www.seiris-sa.com\/tr\/saglik-guvenlik-cevre\/","url":"https:\/\/www.seiris-sa.com\/tr\/saglik-guvenlik-cevre\/","name":"Sa\u011fl\u0131k, G\u00fcvenlik, \u00c7evre - SEIRIS","isPartOf":{"@id":"https:\/\/www.seiris-sa.com\/tr\/#website"},"datePublished":"2025-10-17T12:34:59+00:00","dateModified":"2025-12-30T08:15:34+00:00","breadcrumb":{"@id":"https:\/\/www.seiris-sa.com\/tr\/saglik-guvenlik-cevre\/#breadcrumb"},"inLanguage":"tr","potentialAction":[{"@type":"ReadAction","target":["https:\/\/www.seiris-sa.com\/tr\/saglik-guvenlik-cevre\/"]}]},{"@type":"BreadcrumbList","@id":"https:\/\/www.seiris-sa.com\/tr\/saglik-guvenlik-cevre\/#breadcrumb","itemListElement":[{"@type":"ListItem","position":1,"name":"Portada","item":"https:\/\/www.seiris-sa.com\/tr\/"},{"@type":"ListItem","position":2,"name":"Sa\u011fl\u0131k, G\u00fcvenlik, \u00c7evre"}]},{"@type":"WebSite","@id":"https:\/\/www.seiris-sa.com\/tr\/#website","url":"https:\/\/www.seiris-sa.com\/tr\/","name":"SEIRIS","description":"","potentialAction":[{"@type":"SearchAction","target":{"@type":"EntryPoint","urlTemplate":"https:\/\/www.seiris-sa.com\/tr\/?s={search_term_string}"},"query-input":{"@type":"PropertyValueSpecification","valueRequired":true,"valueName":"search_term_string"}}],"inLanguage":"tr"}]}},"_links":{"self":[{"href":"https:\/\/www.seiris-sa.com\/tr\/wp-json\/wp\/v2\/pages\/14946","targetHints":{"allow":["GET"]}}],"collection":[{"href":"https:\/\/www.seiris-sa.com\/tr\/wp-json\/wp\/v2\/pages"}],"about":[{"href":"https:\/\/www.seiris-sa.com\/tr\/wp-json\/wp\/v2\/types\/page"}],"author":[{"embeddable":true,"href":"https:\/\/www.seiris-sa.com\/tr\/wp-json\/wp\/v2\/users\/1"}],"replies":[{"embeddable":true,"href":"https:\/\/www.seiris-sa.com\/tr\/wp-json\/wp\/v2\/comments?post=14946"}],"version-history":[{"count":8,"href":"https:\/\/www.seiris-sa.com\/tr\/wp-json\/wp\/v2\/pages\/14946\/revisions"}],"predecessor-version":[{"id":15037,"href":"https:\/\/www.seiris-sa.com\/tr\/wp-json\/wp\/v2\/pages\/14946\/revisions\/15037"}],"wp:attachment":[{"href":"https:\/\/www.seiris-sa.com\/tr\/wp-json\/wp\/v2\/media?parent=14946"}],"curies":[{"name":"wp","href":"https:\/\/api.w.org\/{rel}","templated":true}]}}