{"id":14951,"date":"2018-09-12T17:13:12","date_gmt":"2018-09-12T15:13:12","guid":{"rendered":"https:\/\/www.seiris-sa.com\/?page_id=14951"},"modified":"2025-12-30T09:05:18","modified_gmt":"2025-12-30T08:05:18","slug":"iletisim","status":"publish","type":"page","link":"https:\/\/www.seiris-sa.com\/tr\/iletisim\/","title":{"rendered":"\u0130leti\u015fim"},"content":{"rendered":"\t\t<div data-elementor-type=\"wp-page\" data-elementor-id=\"14951\" class=\"elementor elementor-14951 elementor-7625\">\n\t\t\t\t        <section class=\"elementor-section elementor-top-section elementor-element elementor-element-7509a00 elementor-section-full_width elementor-section-stretched pxl-full-content-with-space-start elementor-section-height-default elementor-section-height-default pxl-row-scroll-none pxl-zoom-point-false pxl-section-overflow-visible pxl-section-fix-none pxl-bg-color-none pxl-section-overlay-none\" data-id=\"7509a00\" data-element_type=\"section\" data-e-type=\"section\" data-settings=\"{&quot;stretch_section&quot;:&quot;section-stretched&quot;,&quot;background_background&quot;:&quot;gradient&quot;}\" style=\"padding-left: calc( (100% - 1550px)\/2);\">\n\n                            <div class=\"elementor-background-overlay\"><\/div>\n            \n                <div class=\"elementor-container elementor-column-gap-extended \">\n                <div class=\"elementor-column elementor-col-50 elementor-top-column elementor-element elementor-element-c5bcbef pxl-column-none pxl-column-overflow-hidden-no\" data-id=\"c5bcbef\" data-element_type=\"column\" data-e-type=\"column\" data-settings=\"{&quot;background_background&quot;:&quot;classic&quot;}\">\r\n        <div class=\"elementor-widget-wrap elementor-element-populated\">\r\n                     \r\n        \t\t<div class=\"elementor-element elementor-element-52ff3d1 elementor-widget elementor-widget-pxl_heading\" data-id=\"52ff3d1\" data-element_type=\"widget\" data-e-type=\"widget\" data-widget_type=\"pxl_heading.default\">\n\t\t\t\t<div class=\"elementor-widget-container\">\n\t\t\t\t\t\n<div id=\"pxl-pxl_heading-52ff3d1-6148\" class=\"pxl-heading px-sub-title-default-style \">\n\t<div class=\"pxl-heading--inner\">\n\t\t\t\t\t<div class=\"pxl-item--subtitle px-sub-title-default \" data-wow-delay=\"ms\">\n\t\t\t\t<span class=\"pxl-item--subtext\">\n\t\t\t\t\t\t\t\t\t\tSEIRIS\t\t\t\t<\/span>\n\t\t\t<\/div>\n\t\t\n\t\t<h1 class=\"pxl-item--title style-default highlight-default \" data-wow-delay=\"ms\">\n\t\t\t\t\t\t\t\u0130leti\u015fim\t\n\t\t\t\t\n\t\t<\/h1>\n\t\t\n\t<\/div>\n<\/div>\t\t\t\t<\/div>\n\t\t\t\t<\/div>\n\t\t\t\t<div class=\"elementor-element elementor-element-07c6190 elementor-widget elementor-widget-pxl_text_editor\" data-id=\"07c6190\" data-element_type=\"widget\" data-e-type=\"widget\" data-widget_type=\"pxl_text_editor.default\">\n\t\t\t\t<div class=\"elementor-widget-container\">\n\t\t\t\t\t<div class=\"pxl-text-editor\">\n\t<div class=\"pxl-item--inner \" data-wow-delay=\"ms\">\n\t\t<p>TASARIM, \u00dcRET\u0130M, KURULUM<\/p>\t\t\n\t<\/div>\n<\/div>\t\t\t\t<\/div>\n\t\t\t\t<\/div>\n\t\t\t\t<div class=\"elementor-element elementor-element-263046b elementor-widget__width-initial elementor-widget elementor-widget-pxl_breadcrumb\" data-id=\"263046b\" data-element_type=\"widget\" data-e-type=\"widget\" data-widget_type=\"pxl_breadcrumb.default\">\n\t\t\t\t<div class=\"elementor-widget-container\">\n\t\t\t\t\t<div class=\"pxl-breadcrumb-wrap\">\n\t<ul class=\"pxl-breadcrumb\"><li><span class=\"breadcrumb-entry\">Ana Sayfa<\/span><\/li><\/ul><\/div>\t\t\t\t<\/div>\n\t\t\t\t<\/div>\n\t\t            <\/div>\r\n        <\/div>\r\n                <div class=\"elementor-column elementor-col-50 elementor-top-column elementor-element elementor-element-a5bfc97 pxl-column-none pxl-column-overflow-hidden-no\" data-id=\"a5bfc97\" data-element_type=\"column\" data-e-type=\"column\" data-settings=\"{&quot;background_background&quot;:&quot;classic&quot;}\">\r\n        <div class=\"elementor-widget-wrap\">\r\n                     \r\n                    <\/div>\r\n        <\/div>\r\n        \t\t\t<\/div>\n\t\t<\/section>\n\t\t        <section class=\"elementor-section elementor-top-section elementor-element elementor-element-6e85315 elementor-section-stretched elementor-section-boxed elementor-section-height-default elementor-section-height-default pxl-row-scroll-none pxl-zoom-point-false pxl-section-overflow-visible pxl-section-fix-none pxl-bg-color-none pxl-section-overlay-none\" data-id=\"6e85315\" data-element_type=\"section\" data-e-type=\"section\" data-settings=\"{&quot;stretch_section&quot;:&quot;section-stretched&quot;}\">\n\n                            <div class=\"elementor-background-overlay\"><\/div>\n            \n                <div class=\"elementor-container elementor-column-gap-extended \">\n                <div class=\"elementor-column elementor-col-100 elementor-top-column elementor-element elementor-element-936b4e2 pxl-column-none pxl-column-overflow-hidden-no\" data-id=\"936b4e2\" data-element_type=\"column\" data-e-type=\"column\">\r\n        <div class=\"elementor-widget-wrap elementor-element-populated\">\r\n                     \r\n                <section class=\"elementor-section elementor-inner-section elementor-element elementor-element-cf2be62 elementor-section-content-middle elementor-section-boxed elementor-section-height-default elementor-section-height-default pxl-row-scroll-none pxl-zoom-point-false pxl-section-overflow-visible pxl-section-fix-none pxl-bg-color-none pxl-section-overlay-none\" data-id=\"cf2be62\" data-element_type=\"section\" data-e-type=\"section\" data-settings=\"{&quot;background_background&quot;:&quot;classic&quot;}\">\n\n                            <div class=\"elementor-background-overlay\"><\/div>\n            \n                <div class=\"elementor-container elementor-column-gap-default \">\n                <div class=\"elementor-column elementor-col-50 elementor-inner-column elementor-element elementor-element-49e2779 pxl-column-overflow-hidden-yes pxl-column-none\" data-id=\"49e2779\" data-element_type=\"column\" data-e-type=\"column\">\r\n        <div class=\"elementor-widget-wrap elementor-element-populated\">\r\n                     \r\n        \t\t<div class=\"elementor-element elementor-element-d3899ae elementor-widget__width-inherit elementor-widget-tablet_extra__width-initial animated-slow elementor-invisible elementor-widget elementor-widget-pxl_image\" data-id=\"d3899ae\" data-element_type=\"widget\" data-e-type=\"widget\" data-settings=\"{&quot;_animation&quot;:&quot;slideInDown&quot;}\" data-widget_type=\"pxl_image.default\">\n\t\t\t\t<div class=\"elementor-widget-container\">\n\t\t\t\t\t<div id=\"pxl_image-d3899ae-2678\" class=\"pxl-image-single pxl-disable-parallax-sm pxl-hide-sr-lg  \" data-wow-delay=\"ms\"  >\r\n    <div class=\"pxl-item--inner\" data-wow-delay=\"120ms\">\r\n        \r\n                                <div class=\"pxl-item--image\" data-parallax-value=\"\">\r\n                                                    <img fetchpriority=\"high\" decoding=\"async\" width=\"846\" height=\"478\" src=\"https:\/\/www.seiris-sa.com\/wp-content\/uploads\/2024\/05\/map-world.png\" class=\"no-lazyload attachment-full\" alt=\"\" \/>                                            <\/div>\r\n                            \r\n            <\/div>\r\n<\/div>\t\t\t\t<\/div>\n\t\t\t\t<\/div>\n\t\t            <\/div>\r\n        <\/div>\r\n                <div class=\"elementor-column elementor-col-50 elementor-inner-column elementor-element elementor-element-64ddf20 pxl-column-none pxl-column-overflow-hidden-no\" data-id=\"64ddf20\" data-element_type=\"column\" data-e-type=\"column\">\r\n        <div class=\"elementor-widget-wrap elementor-element-populated\">\r\n                     \r\n        \t\t<div class=\"elementor-element elementor-element-fa4e7c8 elementor-widget elementor-widget-pxl_heading\" data-id=\"fa4e7c8\" data-element_type=\"widget\" data-e-type=\"widget\" data-widget_type=\"pxl_heading.default\">\n\t\t\t\t<div class=\"elementor-widget-container\">\n\t\t\t\t\t\n<div id=\"pxl-pxl_heading-fa4e7c8-8656\" class=\"pxl-heading px-sub-title-dot-style \">\n\t<div class=\"pxl-heading--inner\">\n\t\t\n\t\t<h3 class=\"pxl-item--title style-default highlight-default \" data-wow-delay=\"ms\">\n\t\t\t\t\t\t\tBize mesaj g\u00f6nderin\t\n\t\t\t\t\n\t\t<\/h3>\n\t\t\n\t<\/div>\n<\/div>\t\t\t\t<\/div>\n\t\t\t\t<\/div>\n\t\t\t\t<div class=\"elementor-element elementor-element-9c28b7d elementor-widget elementor-widget-pxl_text_editor\" data-id=\"9c28b7d\" data-element_type=\"widget\" data-e-type=\"widget\" data-widget_type=\"pxl_text_editor.default\">\n\t\t\t\t<div class=\"elementor-widget-container\">\n\t\t\t\t\t<div class=\"pxl-text-editor\">\n\t<div class=\"pxl-item--inner \" data-wow-delay=\"ms\">\n\t\t<p>Telefonla soru sormaktan \u00e7ekinmeyin veya a\u015fa\u011f\u0131daki ileti\u015fim formumuzu kullanarak bize ula\u015f\u0131n. Mesaj\u0131n\u0131z do\u011frudan personelimize g\u00f6nderilecek ve en k\u0131sa s\u00fcrede yan\u0131tlanacakt\u0131r.<\/p><p>Bu sitenin, g\u00f6nderdi\u011fim bilgileri talebime cevap verebilmek i\u00e7in saklamas\u0131n\u0131 kabul ediyorum.<\/p>\t\t\n\t<\/div>\n<\/div>\t\t\t\t<\/div>\n\t\t\t\t<\/div>\n\t\t\t\t<div class=\"elementor-element elementor-element-e4e3414 ct-form-architecture elementor-widget elementor-widget-pxl_contact_form\" data-id=\"e4e3414\" data-element_type=\"widget\" data-e-type=\"widget\" data-widget_type=\"pxl_contact_form.default\">\n\t\t\t\t<div class=\"elementor-widget-container\">\n\t\t\t\t\t    <div class=\"pxl-contact-form pxl-contact-form1 btn-w-auto \" data-wow-delay=\"ms\">\r\n        \n<div class=\"wpcf7 no-js\" id=\"wpcf7-f14852-o1\" lang=\"en-US\" dir=\"ltr\" data-wpcf7-id=\"14852\">\n<div class=\"screen-reader-response\"><p role=\"status\" aria-live=\"polite\" aria-atomic=\"true\"><\/p> <ul><\/ul><\/div>\n<form action=\"\/tr\/wp-json\/wp\/v2\/pages\/14951#wpcf7-f14852-o1\" method=\"post\" class=\"wpcf7-form init\" aria-label=\"Contact form\" novalidate=\"novalidate\" data-status=\"init\">\n<fieldset class=\"hidden-fields-container\"><input type=\"hidden\" name=\"_wpcf7\" value=\"14852\" \/><input type=\"hidden\" name=\"_wpcf7_version\" value=\"6.1.5\" \/><input type=\"hidden\" name=\"_wpcf7_locale\" value=\"en_US\" \/><input type=\"hidden\" name=\"_wpcf7_unit_tag\" value=\"wpcf7-f14852-o1\" \/><input type=\"hidden\" name=\"_wpcf7_container_post\" value=\"0\" \/><input type=\"hidden\" name=\"_wpcf7_posted_data_hash\" value=\"\" \/><input type=\"hidden\" name=\"_wpcf7_recaptcha_response\" value=\"\" \/>\n<\/fieldset>\n<div class=\"uacf7-form-wrapper-container uacf7-form-14852  \"><div class=\"wrap-ctf2 wrap-form\">\n\t<div class=\"containter\">\n\t\t<div class=\"row\">\n\t\t\t<div class=\"input-filled col-xl-6 col-lg-6 col-md-6 col-sm-6 col-xs-12\">\n\t\t\t\t<span class=\"wpcf7-form-control-wrap your-name\">\n\t\t\t\t\t<span class=\"wpcf7-form-control-wrap\" data-name=\"your-name\"><input size=\"40\" maxlength=\"400\" class=\"wpcf7-form-control wpcf7-text wpcf7-validates-as-required\" aria-required=\"true\" aria-invalid=\"false\" placeholder=\"*Name\" value=\"\" type=\"text\" name=\"your-name\" \/><\/span>\n\t\t\t\t<\/span>\n\t\t\t<\/div>   \n\t\t\t<div class=\"input-filled col-xl-6 col-lg-6 col-md-6 col-sm-6 col-xs-12\">\n\t\t\t\t<span class=\"wpcf7-form-control-wrap your-email\">\n\t\t\t\t\t<span class=\"wpcf7-form-control-wrap\" data-name=\"your-email\"><input size=\"40\" maxlength=\"400\" class=\"wpcf7-form-control wpcf7-email wpcf7-validates-as-required wpcf7-text wpcf7-validates-as-email\" aria-required=\"true\" aria-invalid=\"false\" placeholder=\"*E-mail\" value=\"\" type=\"email\" name=\"your-email\" \/><\/span>\n\t\t\t\t<\/span>\n\t\t\t<\/div> \t\t\n\t\t\t<div class=\"input-filled col-xl-6 col-lg-6 col-md-12 col-sm-12 col-xs-12\">\n\t\t\t\t<span class=\"wpcf7-form-control-wrap your-phone\">\n\t\t\t\t\t<span class=\"wpcf7-form-control-wrap\" data-name=\"your-phone\"><input size=\"40\" maxlength=\"400\" class=\"wpcf7-form-control wpcf7-tel wpcf7-validates-as-required wpcf7-text wpcf7-validates-as-tel\" aria-required=\"true\" aria-invalid=\"false\" placeholder=\"*Phone\" value=\"\" type=\"tel\" name=\"your-phone\" \/><\/span>\n\t\t\t\t<\/span>\n\t\t\t<\/div>\n\t\t\t<div class=\"input-filled col-xl-6 col-lg-6 col-md-6 col-sm-12 col-xs-12\">\n\t\t\t\t<span class=\"wpcf7-form-control-wrap your-name\">\n\t\t\t\t\t<span class=\"wpcf7-form-control-wrap\" data-name=\"subject\"><input size=\"40\" maxlength=\"400\" class=\"wpcf7-form-control wpcf7-text wpcf7-validates-as-required\" aria-required=\"true\" aria-invalid=\"false\" placeholder=\"*Subject\" value=\"\" type=\"text\" name=\"subject\" \/><\/span>\n\t\t\t\t<\/span>\n\t\t\t<\/div>  \n\t\t\t<div class=\"input-filled col-xl-12\">\n\t\t\t\t<span class=\"wpcf7-form-control-wrap your-messeage\">\n\t\t\t\t\t<span class=\"wpcf7-form-control-wrap\" data-name=\"your-message\"><textarea cols=\"40\" rows=\"10\" maxlength=\"2000\" class=\"wpcf7-form-control wpcf7-textarea wpcf7-validates-as-required\" aria-required=\"true\" aria-invalid=\"false\" placeholder=\"Your message....\" name=\"your-message\"><\/textarea><\/span>\n\t\t\t\t<\/span>\n\t\t\t<\/div>\n\t\t\t<div class=\"input-filled col-xl-12 d-flex\"> \n                            <span class=\"wpcf7-form-control-wrap wpcf7-acceptance\">\n                                  <span class=\"wpcf7-form-control-wrap\" data-name=\"checkbox-446\"><span class=\"wpcf7-form-control wpcf7-checkbox\"><span class=\"wpcf7-list-item first last\"><label><input type=\"checkbox\" name=\"checkbox-446[]\" value=\"I consent to this site storing the information I have sent so that they can respond to my request.\" \/><span class=\"wpcf7-list-item-label\">I consent to this site storing the information I have sent so that they can respond to my request.<\/span><\/label><\/span><\/span><\/span>\n                            <\/span>\n\t\t\t\t<button type=\"submit\" class=\"wpcf7-submit wpcf7-btn-abs\" > Send <i class=\"far fa-arrow-right\"><\/i> <\/button>\n\t\t\t<\/div>\n\t\t<\/div>\n\t<\/div>\n<\/div><\/div><div class=\"wpcf7-response-output\" aria-hidden=\"true\"><\/div>\n<\/form>\n<\/div>\n    <\/div>\r\n\t\t\t\t<\/div>\n\t\t\t\t<\/div>\n\t\t            <\/div>\r\n        <\/div>\r\n        \t\t\t<\/div>\n\t\t<\/section>\n\t\t            <\/div>\r\n        <\/div>\r\n        \t\t\t<\/div>\n\t\t<\/section>\n\t\t\t\t<\/div>\n\t\t","protected":false},"excerpt":{"rendered":"<p>SEIRIS \u0130leti\u015fim TASARIM, \u00dcRET\u0130M, KURULUM Accueil Bize mesaj g\u00f6nderin Telefonla soru sormaktan \u00e7ekinmeyin veya a\u015fa\u011f\u0131daki ileti\u015fim formumuzu kullanarak bize ula\u015f\u0131n. Mesaj\u0131n\u0131z do\u011frudan personelimize g\u00f6nderilecek ve en k\u0131sa s\u00fcrede yan\u0131tlanacakt\u0131r. Bu sitenin, g\u00f6nderdi\u011fim bilgileri talebime cevap verebilmek i\u00e7in saklamas\u0131n\u0131 kabul ediyorum. I consent to this site storing the information I have sent so that they can [&hellip;]<\/p>\n","protected":false},"author":1,"featured_media":0,"parent":0,"menu_order":0,"comment_status":"closed","ping_status":"closed","template":"","meta":{"footnotes":""},"class_list":["post-14951","page","type-page","status-publish","hentry"],"yoast_head":"<!-- This site is optimized with the Yoast SEO plugin v27.4 - https:\/\/yoast.com\/product\/yoast-seo-wordpress\/ -->\n<title>\u0130leti\u015fim - SEIRIS<\/title>\n<meta name=\"robots\" content=\"index, follow, max-snippet:-1, max-image-preview:large, max-video-preview:-1\" \/>\n<link rel=\"canonical\" href=\"https:\/\/www.seiris-sa.com\/tr\/iletisim\/\" \/>\n<meta property=\"og:locale\" content=\"tr_TR\" \/>\n<meta property=\"og:type\" content=\"article\" \/>\n<meta property=\"og:title\" content=\"\u0130leti\u015fim - SEIRIS\" \/>\n<meta property=\"og:description\" content=\"SEIRIS \u0130leti\u015fim TASARIM, \u00dcRET\u0130M, KURULUM Accueil Bize mesaj g\u00f6nderin Telefonla soru sormaktan \u00e7ekinmeyin veya a\u015fa\u011f\u0131daki ileti\u015fim formumuzu kullanarak bize ula\u015f\u0131n. Mesaj\u0131n\u0131z do\u011frudan personelimize g\u00f6nderilecek ve en k\u0131sa s\u00fcrede yan\u0131tlanacakt\u0131r. Bu sitenin, g\u00f6nderdi\u011fim bilgileri talebime cevap verebilmek i\u00e7in saklamas\u0131n\u0131 kabul ediyorum. I consent to this site storing the information I have sent so that they can [&hellip;]\" \/>\n<meta property=\"og:url\" content=\"https:\/\/www.seiris-sa.com\/tr\/iletisim\/\" \/>\n<meta property=\"og:site_name\" content=\"SEIRIS\" \/>\n<meta property=\"article:modified_time\" content=\"2025-12-30T08:05:18+00:00\" \/>\n<meta property=\"og:image\" content=\"https:\/\/www.seiris-sa.com\/wp-content\/uploads\/2024\/05\/map-world.png\" \/>\n<meta name=\"twitter:card\" content=\"summary_large_image\" \/>\n<meta name=\"twitter:label1\" content=\"Tahmini okuma s\u00fcresi\" \/>\n\t<meta name=\"twitter:data1\" content=\"1 dakika\" \/>\n<script type=\"application\/ld+json\" class=\"yoast-schema-graph\">{\"@context\":\"https:\\\/\\\/schema.org\",\"@graph\":[{\"@type\":\"WebPage\",\"@id\":\"https:\\\/\\\/www.seiris-sa.com\\\/tr\\\/iletisim\\\/\",\"url\":\"https:\\\/\\\/www.seiris-sa.com\\\/tr\\\/iletisim\\\/\",\"name\":\"\u0130leti\u015fim - SEIRIS\",\"isPartOf\":{\"@id\":\"https:\\\/\\\/www.seiris-sa.com\\\/tr\\\/#website\"},\"primaryImageOfPage\":{\"@id\":\"https:\\\/\\\/www.seiris-sa.com\\\/tr\\\/iletisim\\\/#primaryimage\"},\"image\":{\"@id\":\"https:\\\/\\\/www.seiris-sa.com\\\/tr\\\/iletisim\\\/#primaryimage\"},\"thumbnailUrl\":\"https:\\\/\\\/www.seiris-sa.com\\\/wp-content\\\/uploads\\\/2024\\\/05\\\/map-world.png\",\"datePublished\":\"2018-09-12T15:13:12+00:00\",\"dateModified\":\"2025-12-30T08:05:18+00:00\",\"breadcrumb\":{\"@id\":\"https:\\\/\\\/www.seiris-sa.com\\\/tr\\\/iletisim\\\/#breadcrumb\"},\"inLanguage\":\"tr\",\"potentialAction\":[{\"@type\":\"ReadAction\",\"target\":[\"https:\\\/\\\/www.seiris-sa.com\\\/tr\\\/iletisim\\\/\"]}]},{\"@type\":\"ImageObject\",\"inLanguage\":\"tr\",\"@id\":\"https:\\\/\\\/www.seiris-sa.com\\\/tr\\\/iletisim\\\/#primaryimage\",\"url\":\"https:\\\/\\\/www.seiris-sa.com\\\/wp-content\\\/uploads\\\/2024\\\/05\\\/map-world.png\",\"contentUrl\":\"https:\\\/\\\/www.seiris-sa.com\\\/wp-content\\\/uploads\\\/2024\\\/05\\\/map-world.png\"},{\"@type\":\"BreadcrumbList\",\"@id\":\"https:\\\/\\\/www.seiris-sa.com\\\/tr\\\/iletisim\\\/#breadcrumb\",\"itemListElement\":[{\"@type\":\"ListItem\",\"position\":1,\"name\":\"Portada\",\"item\":\"https:\\\/\\\/www.seiris-sa.com\\\/tr\\\/\"},{\"@type\":\"ListItem\",\"position\":2,\"name\":\"\u0130leti\u015fim\"}]},{\"@type\":\"WebSite\",\"@id\":\"https:\\\/\\\/www.seiris-sa.com\\\/tr\\\/#website\",\"url\":\"https:\\\/\\\/www.seiris-sa.com\\\/tr\\\/\",\"name\":\"SEIRIS\",\"description\":\"\",\"potentialAction\":[{\"@type\":\"SearchAction\",\"target\":{\"@type\":\"EntryPoint\",\"urlTemplate\":\"https:\\\/\\\/www.seiris-sa.com\\\/tr\\\/?s={search_term_string}\"},\"query-input\":{\"@type\":\"PropertyValueSpecification\",\"valueRequired\":true,\"valueName\":\"search_term_string\"}}],\"inLanguage\":\"tr\"}]}<\/script>\n<!-- \/ Yoast SEO plugin. -->","yoast_head_json":{"title":"\u0130leti\u015fim - SEIRIS","robots":{"index":"index","follow":"follow","max-snippet":"max-snippet:-1","max-image-preview":"max-image-preview:large","max-video-preview":"max-video-preview:-1"},"canonical":"https:\/\/www.seiris-sa.com\/tr\/iletisim\/","og_locale":"tr_TR","og_type":"article","og_title":"\u0130leti\u015fim - SEIRIS","og_description":"SEIRIS \u0130leti\u015fim TASARIM, \u00dcRET\u0130M, KURULUM Accueil Bize mesaj g\u00f6nderin Telefonla soru sormaktan \u00e7ekinmeyin veya a\u015fa\u011f\u0131daki ileti\u015fim formumuzu kullanarak bize ula\u015f\u0131n. Mesaj\u0131n\u0131z do\u011frudan personelimize g\u00f6nderilecek ve en k\u0131sa s\u00fcrede yan\u0131tlanacakt\u0131r. Bu sitenin, g\u00f6nderdi\u011fim bilgileri talebime cevap verebilmek i\u00e7in saklamas\u0131n\u0131 kabul ediyorum. I consent to this site storing the information I have sent so that they can [&hellip;]","og_url":"https:\/\/www.seiris-sa.com\/tr\/iletisim\/","og_site_name":"SEIRIS","article_modified_time":"2025-12-30T08:05:18+00:00","og_image":[{"url":"https:\/\/www.seiris-sa.com\/wp-content\/uploads\/2024\/05\/map-world.png","type":"","width":"","height":""}],"twitter_card":"summary_large_image","twitter_misc":{"Tahmini okuma s\u00fcresi":"1 dakika"},"schema":{"@context":"https:\/\/schema.org","@graph":[{"@type":"WebPage","@id":"https:\/\/www.seiris-sa.com\/tr\/iletisim\/","url":"https:\/\/www.seiris-sa.com\/tr\/iletisim\/","name":"\u0130leti\u015fim - SEIRIS","isPartOf":{"@id":"https:\/\/www.seiris-sa.com\/tr\/#website"},"primaryImageOfPage":{"@id":"https:\/\/www.seiris-sa.com\/tr\/iletisim\/#primaryimage"},"image":{"@id":"https:\/\/www.seiris-sa.com\/tr\/iletisim\/#primaryimage"},"thumbnailUrl":"https:\/\/www.seiris-sa.com\/wp-content\/uploads\/2024\/05\/map-world.png","datePublished":"2018-09-12T15:13:12+00:00","dateModified":"2025-12-30T08:05:18+00:00","breadcrumb":{"@id":"https:\/\/www.seiris-sa.com\/tr\/iletisim\/#breadcrumb"},"inLanguage":"tr","potentialAction":[{"@type":"ReadAction","target":["https:\/\/www.seiris-sa.com\/tr\/iletisim\/"]}]},{"@type":"ImageObject","inLanguage":"tr","@id":"https:\/\/www.seiris-sa.com\/tr\/iletisim\/#primaryimage","url":"https:\/\/www.seiris-sa.com\/wp-content\/uploads\/2024\/05\/map-world.png","contentUrl":"https:\/\/www.seiris-sa.com\/wp-content\/uploads\/2024\/05\/map-world.png"},{"@type":"BreadcrumbList","@id":"https:\/\/www.seiris-sa.com\/tr\/iletisim\/#breadcrumb","itemListElement":[{"@type":"ListItem","position":1,"name":"Portada","item":"https:\/\/www.seiris-sa.com\/tr\/"},{"@type":"ListItem","position":2,"name":"\u0130leti\u015fim"}]},{"@type":"WebSite","@id":"https:\/\/www.seiris-sa.com\/tr\/#website","url":"https:\/\/www.seiris-sa.com\/tr\/","name":"SEIRIS","description":"","potentialAction":[{"@type":"SearchAction","target":{"@type":"EntryPoint","urlTemplate":"https:\/\/www.seiris-sa.com\/tr\/?s={search_term_string}"},"query-input":{"@type":"PropertyValueSpecification","valueRequired":true,"valueName":"search_term_string"}}],"inLanguage":"tr"}]}},"_links":{"self":[{"href":"https:\/\/www.seiris-sa.com\/tr\/wp-json\/wp\/v2\/pages\/14951","targetHints":{"allow":["GET"]}}],"collection":[{"href":"https:\/\/www.seiris-sa.com\/tr\/wp-json\/wp\/v2\/pages"}],"about":[{"href":"https:\/\/www.seiris-sa.com\/tr\/wp-json\/wp\/v2\/types\/page"}],"author":[{"embeddable":true,"href":"https:\/\/www.seiris-sa.com\/tr\/wp-json\/wp\/v2\/users\/1"}],"replies":[{"embeddable":true,"href":"https:\/\/www.seiris-sa.com\/tr\/wp-json\/wp\/v2\/comments?post=14951"}],"version-history":[{"count":5,"href":"https:\/\/www.seiris-sa.com\/tr\/wp-json\/wp\/v2\/pages\/14951\/revisions"}],"predecessor-version":[{"id":15009,"href":"https:\/\/www.seiris-sa.com\/tr\/wp-json\/wp\/v2\/pages\/14951\/revisions\/15009"}],"wp:attachment":[{"href":"https:\/\/www.seiris-sa.com\/tr\/wp-json\/wp\/v2\/media?parent=14951"}],"curies":[{"name":"wp","href":"https:\/\/api.w.org\/{rel}","templated":true}]}}